{"id":9,"date":"2025-09-15T11:36:24","date_gmt":"2025-09-15T15:36:24","guid":{"rendered":"http:\/\/development.sterilia.com\/?page_id=9"},"modified":"2026-01-07T13:24:42","modified_gmt":"2026-01-07T18:24:42","slug":"home","status":"publish","type":"page","link":"https:\/\/sterilia.ca\/fr\/","title":{"rendered":"Accueil"},"content":{"rendered":"\r\n\r\n\t<h2>Pharmacie B.H. Trinh,<br \/>\r\nJ. Blanchette Brusewitz,<br \/>\r\nH. Zakrzewski-Jakubiak Inc.<\/h2>\r\n\t<p>Vos experts en pr\u00e9parations magistrales st\u00e9riles et non st\u00e9riles, r\u00e9alis\u00e9es selon les plus hauts standards de qualit\u00e9.<\/p>\r\n\t<p>Expertise pharmaceutique. Rigueur clinique. Approche humaine.<\/p>\r\n\t\t\t\t<img decoding=\"async\" src=\"https:\/\/sterilia.ca\/wp-content\/uploads\/2025\/09\/Mask-Group-5-1.png\" alt=\"Mask-Group-5\" itemprop=\"image\" height=\"574\" width=\"420\" title=\"Mask-Group-5\" onerror=\"this.style.display='none'\" loading=\"lazy\" \/>\r\n\t\t\t\t<img decoding=\"async\" src=\"https:\/\/sterilia.ca\/wp-content\/uploads\/2025\/09\/img.png\" alt=\"img\" itemprop=\"image\" height=\"505\" width=\"507\" title=\"img\" onerror=\"this.style.display='none'\" loading=\"lazy\" \/>\r\n<h2>\r\n\t\t\tNotre engagement au quotidien\t<\/h2>\r\n\t<p>Au service des patients et des professionnels de la sant\u00e9, notre pharmacie collabore \u00e9troitement avec le r\u00e9seau de la sant\u00e9 pour assurer la continuit\u00e9 des soins, de l&rsquo;h\u00f4pital jusqu&rsquo;\u00e0 la maison.<\/p>\r\n\t\t\t<a href=\"https:\/\/sterilia.ca\/a-propos\/\" target=\"_self\">\r\n\t\t\t\t\t\t\tEn savoir plus\r\n\t\t\t\t\t<\/a>\r\n<h2>\r\n\t\t\tUne offre compl\u00e8te pour r\u00e9pondre \u00e0 vos besoins\t<\/h2>\r\n\t<p>Notre pharmacie offre une expertise de pointe, de la pr\u00e9paration st\u00e9rile aux solutions intraveineuses sur mesure pour accompagner les professionnels de la sant\u00e9 dans la continuit\u00e9 des soins.<\/p>\r\n<h3>\r\n\t\t\tPr\u00e9parations st\u00e9riles\t<\/h3>\r\n\t<ul>\r\n<li>M\u00e9dicaments injectables \u00e0 domicile<\/li>\r\n<li>M\u00e9dicaments injectables palliatifs<\/li>\r\n<li>Gouttes ophtalmiques<\/li>\r\n<li>Gouttes autologues<\/li>\r\n<\/ul>\r\n\t\t\t<a href=\"https:\/\/sterilia.ca\/preparations-magistrales-steriles\/\" target=\"_self\">\r\n\t\t\t\t\t\t\tEn savoir plus\r\n\t\t\t\t\t<\/a>\r\n<h3>\r\n\t\t\tNutrition parent\u00e9rale (TPN)\t<\/h3>\r\n\t<ul>\r\n<li>Hyperalimentation intraveineuse<\/li>\r\n<li>\u00c9quipements et mat\u00e9riels ent\u00e9rals<\/li>\r\n<\/ul>\r\n\t\t\t<a href=\"https:\/\/sterilia.ca\/nutrition-parenterale-totale-tpn\/\" target=\"_self\">\r\n\t\t\t\t\t\t\tEn savoir plus\r\n\t\t\t\t\t<\/a>\r\n<h3>\r\n\t\t\tProduits non st\u00e9riles\t<\/h3>\r\n\t<ul>\r\n<li>Cr\u00e8mes, onguents, suspensions et encapsulations pour r\u00e9pondre aux besoins des patients et des pharmacies communautaires.<\/li>\r\n<\/ul>\r\n\t\t\t<a href=\"https:\/\/sterilia.ca\/preparations-magistrales-non-steriles\/\" target=\"_self\">\r\n\t\t\t\t\t\t\tEn savoir plus\r\n\t\t\t\t\t<\/a>\r\n<h2>\r\n\t\t\tDes outils utiles pour mieux comprendre  et agir.\t<\/h2>\r\n\t<p>Acc\u00e9dez \u00e0 nos vid\u00e9os explicatives et guides pratiques sur les dispositifs utilis\u00e9s en traitement.<\/p>\r\n\t\t\t<a href=\"https:\/\/sterilia.ca\/ressources\/\" target=\"_self\">\r\n\t\t\t\t\t\t\tConsulter les ressources\r\n\t\t\t\t\t<\/a>\r\n\t\t\t\t<img decoding=\"async\" src=\"https:\/\/sterilia.ca\/wp-content\/uploads\/2025\/09\/img-et-forme-Droit.png\" alt=\"img et forme Droit\" itemprop=\"image\" height=\"508\" width=\"508\" title=\"img et forme Droit\" onerror=\"this.style.display='none'\" loading=\"lazy\" \/>\r\n<h2>\r\n\t\t\tUn soutien disponible pour vous\t<\/h2>\r\n\t<p>Notre \u00e9quipe est l\u00e0 pour r\u00e9pondre \u00e0 vos questions et vous offrir un service attentionn\u00e9, du laboratoire jusqu&rsquo;\u00e0 votre domicile.<\/p>\r\n\t\t\t\t<img decoding=\"async\" src=\"https:\/\/sterilia.ca\/wp-content\/uploads\/2025\/10\/Img-et-forme-5.png\" alt=\"Img et forme\" itemprop=\"image\" height=\"510\" width=\"510\" title=\"Img et forme\" onerror=\"this.style.display='none'\" loading=\"lazy\" \/>\r\n<h3>\r\n\t\t\tTrois succursales pour mieux vous servir\t<\/h3>\r\n<h4>\r\n\t\t\tVille Saint-Laurent\t<\/h4>\r\n\t4929 place Olivia, Ville Saint-Laurent<br \/>\r\n<strong>514 335-3500<\/strong>\r\n<h4>\r\n\t\t\tSaint-J\u00e9r\u00f4me\t<\/h4>\r\n\t100-305 rue du Docteur-Charles-L\u00e9onard,<br \/>\r\nSaint-J\u00e9r\u00f4me<br \/>\r\n<strong>450 553-2378<\/strong>\r\n<h4>\r\n\t\t\tHochelaga\t<\/h4>\r\n\t9080 rue Hochelaga, Montr\u00e9al<br \/>\r\n<strong>514 353-8745<\/strong>\r\n<h3>\r\n\t\t\tVous avez une question ou besoin d&rsquo;accompagnement?\t<\/h3>\r\n\t\t\t<a href=\"https:\/\/sterilia.ca\/contact\/\" target=\"_self\">\r\n\t\t\t\t\t\t\tNous contacter\r\n\t\t\t\t\t<\/a>\r\n<h3>\r\n\t\t\tVous \u00eates un professionnel de la sant\u00e9 et souhaitez transmettre une commande ou une demande de prix?\t<\/h3>\r\n\t\t\t<a href=\"https:\/\/sterilia.ca\/commandes\/\" target=\"_self\">\r\n\t\t\t\t\t\t\tAcc\u00e9der au formulaire\r\n\t\t\t\t\t<\/a>\r\n\r\n","protected":false},"excerpt":{"rendered":"<p>Pharmacie B.H. Trinh, J. Blanchette Brusewitz, H. Zakrzewski-Jakubiak Inc. Vos experts en pr\u00e9parations magistrales st\u00e9riles et non st\u00e9riles, r\u00e9alis\u00e9es selon les plus hauts standards de qualit\u00e9. Expertise pharmaceutique. Rigueur clinique. Approche humaine. Notre engagement au quotidien Au service des patients et des professionnels de la sant\u00e9, notre pharmacie collabore \u00e9troitement avec le r\u00e9seau de la [&hellip;]<\/p>\n","protected":false},"author":1,"featured_media":0,"parent":0,"menu_order":0,"comment_status":"closed","ping_status":"closed","template":"","meta":{"inline_featured_image":false,"site-sidebar-layout":"no-sidebar","site-content-layout":"page-builder","ast-site-content-layout":"full-width-container","site-content-style":"default","site-sidebar-style":"default","ast-global-header-display":"","ast-banner-title-visibility":"","ast-main-header-display":"","ast-hfb-above-header-display":"","ast-hfb-below-header-display":"","ast-hfb-mobile-header-display":"","site-post-title":"disabled","ast-breadcrumbs-content":"","ast-featured-img":"disabled","footer-sml-layout":"","theme-transparent-header-meta":"default","adv-header-id-meta":"","stick-header-meta":"","header-above-stick-meta":"","header-main-stick-meta":"","header-below-stick-meta":"","astra-migrate-meta-layouts":"set","ast-page-background-enabled":"default","ast-page-background-meta":{"desktop":{"background-color":"var(--ast-global-color-4)","background-image":"","background-repeat":"repeat","background-position":"center center","background-size":"auto","background-attachment":"scroll","background-type":"","background-media":"","overlay-type":"","overlay-color":"","overlay-opacity":"","overlay-gradient":""},"tablet":{"background-color":"","background-image":"","background-repeat":"repeat","background-position":"center center","background-size":"auto","background-attachment":"scroll","background-type":"","background-media":"","overlay-type":"","overlay-color":"","overlay-opacity":"","overlay-gradient":""},"mobile":{"background-color":"","background-image":"","background-repeat":"repeat","background-position":"center center","background-size":"auto","background-attachment":"scroll","background-type":"","background-media":"","overlay-type":"","overlay-color":"","overlay-opacity":"","overlay-gradient":""}},"ast-content-background-meta":{"desktop":{"background-color":"var(--ast-global-color-5)","background-image":"","background-repeat":"repeat","background-position":"center center","background-size":"auto","background-attachment":"scroll","background-type":"","background-media":"","overlay-type":"","overlay-color":"","overlay-opacity":"","overlay-gradient":""},"tablet":{"background-color":"var(--ast-global-color-5)","background-image":"","background-repeat":"repeat","background-position":"center center","background-size":"auto","background-attachment":"scroll","background-type":"","background-media":"","overlay-type":"","overlay-color":"","overlay-opacity":"","overlay-gradient":""},"mobile":{"background-color":"var(--ast-global-color-5)","background-image":"","background-repeat":"repeat","background-position":"center center","background-size":"auto","background-attachment":"scroll","background-type":"","background-media":"","overlay-type":"","overlay-color":"","overlay-opacity":"","overlay-gradient":""}},"footnotes":""},"class_list":["post-9","page","type-page","status-publish","hentry"],"yoast_head":"<!-- This site is optimized with the Yoast SEO plugin v26.5 - https:\/\/yoast.com\/wordpress\/plugins\/seo\/ -->\n<title>Sterilia | Pr\u00e9parations pharmaceutiques st\u00e9riles et non st\u00e9riles<\/title>\n<meta name=\"description\" content=\"Sterilia - Pharmacie B.H. Trinh, J. Blanchette Brusewitz, H. Zakrzewski-Jakubiak Inc. Pharmacies de pr\u00e9parations st\u00e9riles et non st\u00e9riles.\" \/>\n<meta name=\"robots\" content=\"index, follow, max-snippet:-1, max-image-preview:large, max-video-preview:-1\" \/>\n<link rel=\"canonical\" href=\"https:\/\/sterilia.ca\/fr\/\" \/>\n<meta property=\"og:locale\" content=\"fr_FR\" \/>\n<meta property=\"og:type\" content=\"article\" \/>\n<meta property=\"og:title\" content=\"Sterilia | Pr\u00e9parations pharmaceutiques st\u00e9riles et non st\u00e9riles\" \/>\n<meta property=\"og:description\" content=\"Sterilia - Pharmacie B.H. Trinh, J. Blanchette Brusewitz, H. Zakrzewski-Jakubiak Inc. Pharmacies de pr\u00e9parations st\u00e9riles et non st\u00e9riles.\" \/>\n<meta property=\"og:url\" content=\"https:\/\/sterilia.ca\/fr\/\" \/>\n<meta property=\"og:site_name\" content=\"sterilia\" \/>\n<meta property=\"article:modified_time\" content=\"2026-01-07T18:24:42+00:00\" \/>\n<meta property=\"og:image\" content=\"https:\/\/sterilia.ca\/wp-content\/uploads\/2025\/09\/Mask-Group-5-1.png\" \/>\n<meta name=\"twitter:card\" content=\"summary_large_image\" \/>\n<meta name=\"twitter:label1\" content=\"Dur\u00e9e de lecture estim\u00e9e\" \/>\n\t<meta name=\"twitter:data1\" content=\"2 minutes\" \/>\n<script type=\"application\/ld+json\" class=\"yoast-schema-graph\">{\"@context\":\"https:\/\/schema.org\",\"@graph\":[{\"@type\":\"WebPage\",\"@id\":\"https:\/\/sterilia.ca\/fr\/\",\"url\":\"https:\/\/sterilia.ca\/fr\/\",\"name\":\"Sterilia | Pr\u00e9parations pharmaceutiques st\u00e9riles et non st\u00e9riles\",\"isPartOf\":{\"@id\":\"https:\/\/sterilia.ca\/fr\/#website\"},\"primaryImageOfPage\":{\"@id\":\"https:\/\/sterilia.ca\/fr\/#primaryimage\"},\"image\":{\"@id\":\"https:\/\/sterilia.ca\/fr\/#primaryimage\"},\"thumbnailUrl\":\"https:\/\/sterilia.ca\/wp-content\/uploads\/2025\/09\/Mask-Group-5-1.png\",\"datePublished\":\"2025-09-15T15:36:24+00:00\",\"dateModified\":\"2026-01-07T18:24:42+00:00\",\"description\":\"Sterilia - Pharmacie B.H. Trinh, J. Blanchette Brusewitz, H. Zakrzewski-Jakubiak Inc. Pharmacies de pr\u00e9parations st\u00e9riles et non st\u00e9riles.\",\"breadcrumb\":{\"@id\":\"https:\/\/sterilia.ca\/fr\/#breadcrumb\"},\"inLanguage\":\"fr-FR\",\"potentialAction\":[{\"@type\":\"ReadAction\",\"target\":[\"https:\/\/sterilia.ca\/fr\/\"]}]},{\"@type\":\"ImageObject\",\"inLanguage\":\"fr-FR\",\"@id\":\"https:\/\/sterilia.ca\/fr\/#primaryimage\",\"url\":\"https:\/\/sterilia.ca\/wp-content\/uploads\/2025\/09\/Mask-Group-5-1.png\",\"contentUrl\":\"https:\/\/sterilia.ca\/wp-content\/uploads\/2025\/09\/Mask-Group-5-1.png\"},{\"@type\":\"BreadcrumbList\",\"@id\":\"https:\/\/sterilia.ca\/fr\/#breadcrumb\",\"itemListElement\":[{\"@type\":\"ListItem\",\"position\":1,\"name\":\"Accueil\",\"item\":\"https:\/\/sterilia.ca\/fr\/\"},{\"@type\":\"ListItem\",\"position\":2,\"name\":\"Accueil\"}]},{\"@type\":\"WebSite\",\"@id\":\"https:\/\/sterilia.ca\/fr\/#website\",\"url\":\"https:\/\/sterilia.ca\/fr\/\",\"name\":\"sterilia\",\"description\":\"\",\"publisher\":{\"@id\":\"https:\/\/sterilia.ca\/fr\/#organization\"},\"potentialAction\":[{\"@type\":\"SearchAction\",\"target\":{\"@type\":\"EntryPoint\",\"urlTemplate\":\"https:\/\/sterilia.ca\/fr\/?s={search_term_string}\"},\"query-input\":{\"@type\":\"PropertyValueSpecification\",\"valueRequired\":true,\"valueName\":\"search_term_string\"}}],\"inLanguage\":\"fr-FR\"},{\"@type\":\"Organization\",\"@id\":\"https:\/\/sterilia.ca\/fr\/#organization\",\"name\":\"sterilia\",\"url\":\"https:\/\/sterilia.ca\/fr\/\",\"logo\":{\"@type\":\"ImageObject\",\"inLanguage\":\"fr-FR\",\"@id\":\"https:\/\/sterilia.ca\/fr\/#\/schema\/logo\/image\/\",\"url\":\"https:\/\/sterilia.ca\/wp-content\/uploads\/2025\/12\/cropped-favicon-2025-1-1.png\",\"contentUrl\":\"https:\/\/sterilia.ca\/wp-content\/uploads\/2025\/12\/cropped-favicon-2025-1-1.png\",\"width\":512,\"height\":512,\"caption\":\"sterilia\"},\"image\":{\"@id\":\"https:\/\/sterilia.ca\/fr\/#\/schema\/logo\/image\/\"}}]}<\/script>\n<!-- \/ Yoast SEO plugin. -->","yoast_head_json":{"title":"Sterilia | Pr\u00e9parations pharmaceutiques st\u00e9riles et non st\u00e9riles","description":"Sterilia - Pharmacie B.H. Trinh, J. Blanchette Brusewitz, H. Zakrzewski-Jakubiak Inc. Pharmacies de pr\u00e9parations st\u00e9riles et non st\u00e9riles.","robots":{"index":"index","follow":"follow","max-snippet":"max-snippet:-1","max-image-preview":"max-image-preview:large","max-video-preview":"max-video-preview:-1"},"canonical":"https:\/\/sterilia.ca\/fr\/","og_locale":"fr_FR","og_type":"article","og_title":"Sterilia | Pr\u00e9parations pharmaceutiques st\u00e9riles et non st\u00e9riles","og_description":"Sterilia - Pharmacie B.H. Trinh, J. Blanchette Brusewitz, H. Zakrzewski-Jakubiak Inc. Pharmacies de pr\u00e9parations st\u00e9riles et non st\u00e9riles.","og_url":"https:\/\/sterilia.ca\/fr\/","og_site_name":"sterilia","article_modified_time":"2026-01-07T18:24:42+00:00","og_image":[{"url":"https:\/\/sterilia.ca\/wp-content\/uploads\/2025\/09\/Mask-Group-5-1.png","type":"","width":"","height":""}],"twitter_card":"summary_large_image","twitter_misc":{"Dur\u00e9e de lecture estim\u00e9e":"2 minutes"},"schema":{"@context":"https:\/\/schema.org","@graph":[{"@type":"WebPage","@id":"https:\/\/sterilia.ca\/fr\/","url":"https:\/\/sterilia.ca\/fr\/","name":"Sterilia | Pr\u00e9parations pharmaceutiques st\u00e9riles et non st\u00e9riles","isPartOf":{"@id":"https:\/\/sterilia.ca\/fr\/#website"},"primaryImageOfPage":{"@id":"https:\/\/sterilia.ca\/fr\/#primaryimage"},"image":{"@id":"https:\/\/sterilia.ca\/fr\/#primaryimage"},"thumbnailUrl":"https:\/\/sterilia.ca\/wp-content\/uploads\/2025\/09\/Mask-Group-5-1.png","datePublished":"2025-09-15T15:36:24+00:00","dateModified":"2026-01-07T18:24:42+00:00","description":"Sterilia - Pharmacie B.H. Trinh, J. Blanchette Brusewitz, H. Zakrzewski-Jakubiak Inc. Pharmacies de pr\u00e9parations st\u00e9riles et non st\u00e9riles.","breadcrumb":{"@id":"https:\/\/sterilia.ca\/fr\/#breadcrumb"},"inLanguage":"fr-FR","potentialAction":[{"@type":"ReadAction","target":["https:\/\/sterilia.ca\/fr\/"]}]},{"@type":"ImageObject","inLanguage":"fr-FR","@id":"https:\/\/sterilia.ca\/fr\/#primaryimage","url":"https:\/\/sterilia.ca\/wp-content\/uploads\/2025\/09\/Mask-Group-5-1.png","contentUrl":"https:\/\/sterilia.ca\/wp-content\/uploads\/2025\/09\/Mask-Group-5-1.png"},{"@type":"BreadcrumbList","@id":"https:\/\/sterilia.ca\/fr\/#breadcrumb","itemListElement":[{"@type":"ListItem","position":1,"name":"Accueil","item":"https:\/\/sterilia.ca\/fr\/"},{"@type":"ListItem","position":2,"name":"Accueil"}]},{"@type":"WebSite","@id":"https:\/\/sterilia.ca\/fr\/#website","url":"https:\/\/sterilia.ca\/fr\/","name":"sterilia","description":"","publisher":{"@id":"https:\/\/sterilia.ca\/fr\/#organization"},"potentialAction":[{"@type":"SearchAction","target":{"@type":"EntryPoint","urlTemplate":"https:\/\/sterilia.ca\/fr\/?s={search_term_string}"},"query-input":{"@type":"PropertyValueSpecification","valueRequired":true,"valueName":"search_term_string"}}],"inLanguage":"fr-FR"},{"@type":"Organization","@id":"https:\/\/sterilia.ca\/fr\/#organization","name":"sterilia","url":"https:\/\/sterilia.ca\/fr\/","logo":{"@type":"ImageObject","inLanguage":"fr-FR","@id":"https:\/\/sterilia.ca\/fr\/#\/schema\/logo\/image\/","url":"https:\/\/sterilia.ca\/wp-content\/uploads\/2025\/12\/cropped-favicon-2025-1-1.png","contentUrl":"https:\/\/sterilia.ca\/wp-content\/uploads\/2025\/12\/cropped-favicon-2025-1-1.png","width":512,"height":512,"caption":"sterilia"},"image":{"@id":"https:\/\/sterilia.ca\/fr\/#\/schema\/logo\/image\/"}}]}},"_links":{"self":[{"href":"https:\/\/sterilia.ca\/fr\/wp-json\/wp\/v2\/pages\/9","targetHints":{"allow":["GET"]}}],"collection":[{"href":"https:\/\/sterilia.ca\/fr\/wp-json\/wp\/v2\/pages"}],"about":[{"href":"https:\/\/sterilia.ca\/fr\/wp-json\/wp\/v2\/types\/page"}],"author":[{"embeddable":true,"href":"https:\/\/sterilia.ca\/fr\/wp-json\/wp\/v2\/users\/1"}],"replies":[{"embeddable":true,"href":"https:\/\/sterilia.ca\/fr\/wp-json\/wp\/v2\/comments?post=9"}],"version-history":[{"count":10,"href":"https:\/\/sterilia.ca\/fr\/wp-json\/wp\/v2\/pages\/9\/revisions"}],"predecessor-version":[{"id":438,"href":"https:\/\/sterilia.ca\/fr\/wp-json\/wp\/v2\/pages\/9\/revisions\/438"}],"wp:attachment":[{"href":"https:\/\/sterilia.ca\/fr\/wp-json\/wp\/v2\/media?parent=9"}],"curies":[{"name":"wp","href":"https:\/\/api.w.org\/{rel}","templated":true}]}}