{"id":278,"date":"2025-10-14T10:57:28","date_gmt":"2025-10-14T14:57:28","guid":{"rendered":"http:\/\/sterilia.ca\/?page_id=278"},"modified":"2025-12-08T15:26:27","modified_gmt":"2025-12-08T20:26:27","slug":"seringue-de-rincage-chlorure-de-sodium","status":"publish","type":"page","link":"https:\/\/sterilia.ca\/fr\/seringue-de-rincage-chlorure-de-sodium\/","title":{"rendered":"Seringue de rin\u00e7age (Chlorure de Sodium)"},"content":{"rendered":"\r\n<h2>\r\n\t\t\tRessources\t<\/h2>\r\n<h2>\r\n\t\t\tSeringue de rin\u00e7age (Chlorure de Sodium)\t<\/h2>\r\n\t<p>Les seringues de rin\u00e7age de chlorure de sodium (NaCl 0,9 %) sont utilis\u00e9es en compl\u00e9ment des traitements intraveineux, notamment lors de l&rsquo;administration d&rsquo;antibiotiques. Leur r\u00f4le est de :<\/p>\r\n<ul>\r\n<li>Rincer la voie intraveineuse entre l&rsquo;administration des doses de l&rsquo;antibiotique, afin d&rsquo;assurer que le m\u00e9dicament est compl\u00e8tement administr\u00e9 et qu&rsquo;il ne reste pas dans la tubulure.<\/li>\r\n<li>Maintenir la perm\u00e9abilit\u00e9 du cath\u00e9ter en pr\u00e9venant la formation de caillots ou d&rsquo;obstructions.<\/li>\r\n<li>\u00c9viter les interactions ou incompatibilit\u00e9s entre diff\u00e9rents m\u00e9dicaments administr\u00e9s par la m\u00eame voie s&rsquo;il y a lieu.<\/li>\r\n<\/ul>\r\n\t\t\t\t<img decoding=\"async\" src=\"https:\/\/sterilia.ca\/wp-content\/uploads\/2025\/10\/Img-et-forme-3.png\" alt=\"Img et forme\" itemprop=\"image\" height=\"510\" width=\"510\" title=\"Img et forme\" onerror=\"this.style.display='none'\" loading=\"lazy\" \/>\r\n<h3>\r\n\t\t\tRincer le cath\u00e9ter avec une seringue pr\u00e9-remplie de NaCl \u00e0 la fr\u00e9quence recommand\u00e9e par votre infirmi\u00e8re pivot.\t<\/h3>\r\n\t<ul>\r\n<li aria-level=\"1\">D\u00e9sinfecter le bouchon du cath\u00e9ter avec un tampon d&rsquo;alcool pendant 15 secondes :\r\n<ol>\r\n<li aria-level=\"2\">le dessus et les c\u00f4t\u00e9s, dans tous les sens.<\/li>\r\n<\/ol>\r\n<\/li>\r\n<li aria-level=\"1\">Laisser s\u00e9cher pendant 30 secondes \u00e0 l&rsquo;air libre (ne pas souffler, ventiler ou essuyer).<\/li>\r\n<li aria-level=\"1\">Raccorder la seringue au bouchon du cath\u00e9ter :\r\n<ol>\r\n<li aria-level=\"2\">prendre le bouchon entre le pouce et l&rsquo;index;<\/li>\r\n<li aria-level=\"2\">enfoncer la seringue pr\u00e9-remplie de NaCl et tourner vers la droite.<\/li>\r\n<\/ol>\r\n<\/li>\r\n<li aria-level=\"1\">S&rsquo;il y a une pince sur la rallonge du cath\u00e9ter et\/ ou sur le cath\u00e9ter, les ouvrir.<\/li>\r\n<li aria-level=\"1\">Injecter lentement par petits coups en gardant un doigt sur le piston.<\/li>\r\n<li aria-level=\"1\">S&rsquo;il y a lieu, fermer les pinces.<\/li>\r\n<li aria-level=\"1\">Retirer la seringue en tournant vers la gauche.<\/li>\r\n<\/ul>\r\n\t<p>R\u00e9f\u00e9rence: Guide d&rsquo;enseignement &#8211; Programme r\u00e9gional d&rsquo;antibioth\u00e9rapie intraveineuse ambulatoire et \u00e0 domicile (ATIVAD) &#8211; CISSS Capitale-nationale<\/p>\r\n\t<p>Ce guide fournit des recommandations conformes aux informations scientifiques disponibles au moment de sa publication, soit au 30 novembre 2017. Toutefois,ces recommandations n&rsquo;ont aucunement pour effet de remplacer le jugement d&rsquo;un clinicien.<\/p>\r\n\r\n","protected":false},"excerpt":{"rendered":"<p>Ressources Seringue de rin\u00e7age (Chlorure de Sodium) Les seringues de rin\u00e7age de chlorure de sodium (NaCl 0,9 %) sont utilis\u00e9es en compl\u00e9ment des traitements intraveineux, notamment lors de l&rsquo;administration d&rsquo;antibiotiques. Leur r\u00f4le est de : Rincer la voie intraveineuse entre l&rsquo;administration des doses de l&rsquo;antibiotique, afin d&rsquo;assurer que le m\u00e9dicament est compl\u00e8tement administr\u00e9 et qu&rsquo;il [&hellip;]<\/p>\n","protected":false},"author":1,"featured_media":0,"parent":0,"menu_order":0,"comment_status":"closed","ping_status":"closed","template":"","meta":{"inline_featured_image":false,"site-sidebar-layout":"no-sidebar","site-content-layout":"page-builder","ast-site-content-layout":"full-width-container","site-content-style":"default","site-sidebar-style":"default","ast-global-header-display":"","ast-banner-title-visibility":"","ast-main-header-display":"","ast-hfb-above-header-display":"","ast-hfb-below-header-display":"","ast-hfb-mobile-header-display":"","site-post-title":"disabled","ast-breadcrumbs-content":"","ast-featured-img":"disabled","footer-sml-layout":"","theme-transparent-header-meta":"default","adv-header-id-meta":"","stick-header-meta":"","header-above-stick-meta":"","header-main-stick-meta":"","header-below-stick-meta":"","astra-migrate-meta-layouts":"set","ast-page-background-enabled":"default","ast-page-background-meta":{"desktop":{"background-color":"var(--ast-global-color-4)","background-image":"","background-repeat":"repeat","background-position":"center center","background-size":"auto","background-attachment":"scroll","background-type":"","background-media":"","overlay-type":"","overlay-color":"","overlay-opacity":"","overlay-gradient":""},"tablet":{"background-color":"","background-image":"","background-repeat":"repeat","background-position":"center center","background-size":"auto","background-attachment":"scroll","background-type":"","background-media":"","overlay-type":"","overlay-color":"","overlay-opacity":"","overlay-gradient":""},"mobile":{"background-color":"","background-image":"","background-repeat":"repeat","background-position":"center center","background-size":"auto","background-attachment":"scroll","background-type":"","background-media":"","overlay-type":"","overlay-color":"","overlay-opacity":"","overlay-gradient":""}},"ast-content-background-meta":{"desktop":{"background-color":"var(--ast-global-color-5)","background-image":"","background-repeat":"repeat","background-position":"center center","background-size":"auto","background-attachment":"scroll","background-type":"","background-media":"","overlay-type":"","overlay-color":"","overlay-opacity":"","overlay-gradient":""},"tablet":{"background-color":"var(--ast-global-color-5)","background-image":"","background-repeat":"repeat","background-position":"center center","background-size":"auto","background-attachment":"scroll","background-type":"","background-media":"","overlay-type":"","overlay-color":"","overlay-opacity":"","overlay-gradient":""},"mobile":{"background-color":"var(--ast-global-color-5)","background-image":"","background-repeat":"repeat","background-position":"center center","background-size":"auto","background-attachment":"scroll","background-type":"","background-media":"","overlay-type":"","overlay-color":"","overlay-opacity":"","overlay-gradient":""}},"footnotes":""},"class_list":["post-278","page","type-page","status-publish","hentry"],"yoast_head":"<!-- This site is optimized with the Yoast SEO plugin v26.5 - https:\/\/yoast.com\/wordpress\/plugins\/seo\/ -->\n<title>sterilia | Seringue de rin\u00e7age (Chlorure de Sodium) -<\/title>\n<meta name=\"robots\" content=\"index, follow, max-snippet:-1, max-image-preview:large, max-video-preview:-1\" \/>\n<link rel=\"canonical\" href=\"https:\/\/sterilia.ca\/fr\/seringue-de-rincage-chlorure-de-sodium\/\" \/>\n<meta property=\"og:locale\" content=\"fr_FR\" \/>\n<meta property=\"og:type\" content=\"article\" \/>\n<meta property=\"og:title\" content=\"sterilia | Seringue de rin\u00e7age (Chlorure de Sodium) -\" \/>\n<meta property=\"og:description\" content=\"Ressources Seringue de rin\u00e7age (Chlorure de Sodium) Les seringues de rin\u00e7age de chlorure de sodium (NaCl 0,9 %) sont utilis\u00e9es en compl\u00e9ment des traitements intraveineux, notamment lors de l&rsquo;administration d&rsquo;antibiotiques. Leur r\u00f4le est de : Rincer la voie intraveineuse entre l&rsquo;administration des doses de l&rsquo;antibiotique, afin d&rsquo;assurer que le m\u00e9dicament est compl\u00e8tement administr\u00e9 et qu&rsquo;il [&hellip;]\" \/>\n<meta property=\"og:url\" content=\"https:\/\/sterilia.ca\/fr\/seringue-de-rincage-chlorure-de-sodium\/\" \/>\n<meta property=\"og:site_name\" content=\"sterilia\" \/>\n<meta property=\"article:modified_time\" content=\"2025-12-08T20:26:27+00:00\" \/>\n<meta property=\"og:image\" content=\"https:\/\/sterilia.ca\/wp-content\/uploads\/2025\/10\/Img-et-forme-3.png\" \/>\n<meta name=\"twitter:card\" content=\"summary_large_image\" \/>\n<meta name=\"twitter:label1\" content=\"Dur\u00e9e de lecture estim\u00e9e\" \/>\n\t<meta name=\"twitter:data1\" content=\"2 minutes\" \/>\n<script type=\"application\/ld+json\" class=\"yoast-schema-graph\">{\"@context\":\"https:\/\/schema.org\",\"@graph\":[{\"@type\":\"WebPage\",\"@id\":\"https:\/\/sterilia.ca\/fr\/seringue-de-rincage-chlorure-de-sodium\/\",\"url\":\"https:\/\/sterilia.ca\/fr\/seringue-de-rincage-chlorure-de-sodium\/\",\"name\":\"sterilia | Seringue de rin\u00e7age (Chlorure de Sodium) -\",\"isPartOf\":{\"@id\":\"https:\/\/sterilia.ca\/fr\/#website\"},\"primaryImageOfPage\":{\"@id\":\"https:\/\/sterilia.ca\/fr\/seringue-de-rincage-chlorure-de-sodium\/#primaryimage\"},\"image\":{\"@id\":\"https:\/\/sterilia.ca\/fr\/seringue-de-rincage-chlorure-de-sodium\/#primaryimage\"},\"thumbnailUrl\":\"https:\/\/sterilia.ca\/wp-content\/uploads\/2025\/10\/Img-et-forme-3.png\",\"datePublished\":\"2025-10-14T14:57:28+00:00\",\"dateModified\":\"2025-12-08T20:26:27+00:00\",\"breadcrumb\":{\"@id\":\"https:\/\/sterilia.ca\/fr\/seringue-de-rincage-chlorure-de-sodium\/#breadcrumb\"},\"inLanguage\":\"fr-FR\",\"potentialAction\":[{\"@type\":\"ReadAction\",\"target\":[\"https:\/\/sterilia.ca\/fr\/seringue-de-rincage-chlorure-de-sodium\/\"]}]},{\"@type\":\"ImageObject\",\"inLanguage\":\"fr-FR\",\"@id\":\"https:\/\/sterilia.ca\/fr\/seringue-de-rincage-chlorure-de-sodium\/#primaryimage\",\"url\":\"https:\/\/sterilia.ca\/wp-content\/uploads\/2025\/10\/Img-et-forme-3.png\",\"contentUrl\":\"https:\/\/sterilia.ca\/wp-content\/uploads\/2025\/10\/Img-et-forme-3.png\"},{\"@type\":\"BreadcrumbList\",\"@id\":\"https:\/\/sterilia.ca\/fr\/seringue-de-rincage-chlorure-de-sodium\/#breadcrumb\",\"itemListElement\":[{\"@type\":\"ListItem\",\"position\":1,\"name\":\"Accueil\",\"item\":\"https:\/\/sterilia.ca\/fr\/\"},{\"@type\":\"ListItem\",\"position\":2,\"name\":\"Seringue de rin\u00e7age (Chlorure de Sodium)\"}]},{\"@type\":\"WebSite\",\"@id\":\"https:\/\/sterilia.ca\/fr\/#website\",\"url\":\"https:\/\/sterilia.ca\/fr\/\",\"name\":\"sterilia\",\"description\":\"\",\"publisher\":{\"@id\":\"https:\/\/sterilia.ca\/fr\/#organization\"},\"potentialAction\":[{\"@type\":\"SearchAction\",\"target\":{\"@type\":\"EntryPoint\",\"urlTemplate\":\"https:\/\/sterilia.ca\/fr\/?s={search_term_string}\"},\"query-input\":{\"@type\":\"PropertyValueSpecification\",\"valueRequired\":true,\"valueName\":\"search_term_string\"}}],\"inLanguage\":\"fr-FR\"},{\"@type\":\"Organization\",\"@id\":\"https:\/\/sterilia.ca\/fr\/#organization\",\"name\":\"sterilia\",\"url\":\"https:\/\/sterilia.ca\/fr\/\",\"logo\":{\"@type\":\"ImageObject\",\"inLanguage\":\"fr-FR\",\"@id\":\"https:\/\/sterilia.ca\/fr\/#\/schema\/logo\/image\/\",\"url\":\"https:\/\/sterilia.ca\/wp-content\/uploads\/2025\/12\/cropped-favicon-2025-1-1.png\",\"contentUrl\":\"https:\/\/sterilia.ca\/wp-content\/uploads\/2025\/12\/cropped-favicon-2025-1-1.png\",\"width\":512,\"height\":512,\"caption\":\"sterilia\"},\"image\":{\"@id\":\"https:\/\/sterilia.ca\/fr\/#\/schema\/logo\/image\/\"}}]}<\/script>\n<!-- \/ Yoast SEO plugin. -->","yoast_head_json":{"title":"sterilia | Seringue de rin\u00e7age (Chlorure de Sodium) -","robots":{"index":"index","follow":"follow","max-snippet":"max-snippet:-1","max-image-preview":"max-image-preview:large","max-video-preview":"max-video-preview:-1"},"canonical":"https:\/\/sterilia.ca\/fr\/seringue-de-rincage-chlorure-de-sodium\/","og_locale":"fr_FR","og_type":"article","og_title":"sterilia | Seringue de rin\u00e7age (Chlorure de Sodium) -","og_description":"Ressources Seringue de rin\u00e7age (Chlorure de Sodium) Les seringues de rin\u00e7age de chlorure de sodium (NaCl 0,9 %) sont utilis\u00e9es en compl\u00e9ment des traitements intraveineux, notamment lors de l&rsquo;administration d&rsquo;antibiotiques. Leur r\u00f4le est de : Rincer la voie intraveineuse entre l&rsquo;administration des doses de l&rsquo;antibiotique, afin d&rsquo;assurer que le m\u00e9dicament est compl\u00e8tement administr\u00e9 et qu&rsquo;il [&hellip;]","og_url":"https:\/\/sterilia.ca\/fr\/seringue-de-rincage-chlorure-de-sodium\/","og_site_name":"sterilia","article_modified_time":"2025-12-08T20:26:27+00:00","og_image":[{"url":"https:\/\/sterilia.ca\/wp-content\/uploads\/2025\/10\/Img-et-forme-3.png","type":"","width":"","height":""}],"twitter_card":"summary_large_image","twitter_misc":{"Dur\u00e9e de lecture estim\u00e9e":"2 minutes"},"schema":{"@context":"https:\/\/schema.org","@graph":[{"@type":"WebPage","@id":"https:\/\/sterilia.ca\/fr\/seringue-de-rincage-chlorure-de-sodium\/","url":"https:\/\/sterilia.ca\/fr\/seringue-de-rincage-chlorure-de-sodium\/","name":"sterilia | Seringue de rin\u00e7age (Chlorure de Sodium) -","isPartOf":{"@id":"https:\/\/sterilia.ca\/fr\/#website"},"primaryImageOfPage":{"@id":"https:\/\/sterilia.ca\/fr\/seringue-de-rincage-chlorure-de-sodium\/#primaryimage"},"image":{"@id":"https:\/\/sterilia.ca\/fr\/seringue-de-rincage-chlorure-de-sodium\/#primaryimage"},"thumbnailUrl":"https:\/\/sterilia.ca\/wp-content\/uploads\/2025\/10\/Img-et-forme-3.png","datePublished":"2025-10-14T14:57:28+00:00","dateModified":"2025-12-08T20:26:27+00:00","breadcrumb":{"@id":"https:\/\/sterilia.ca\/fr\/seringue-de-rincage-chlorure-de-sodium\/#breadcrumb"},"inLanguage":"fr-FR","potentialAction":[{"@type":"ReadAction","target":["https:\/\/sterilia.ca\/fr\/seringue-de-rincage-chlorure-de-sodium\/"]}]},{"@type":"ImageObject","inLanguage":"fr-FR","@id":"https:\/\/sterilia.ca\/fr\/seringue-de-rincage-chlorure-de-sodium\/#primaryimage","url":"https:\/\/sterilia.ca\/wp-content\/uploads\/2025\/10\/Img-et-forme-3.png","contentUrl":"https:\/\/sterilia.ca\/wp-content\/uploads\/2025\/10\/Img-et-forme-3.png"},{"@type":"BreadcrumbList","@id":"https:\/\/sterilia.ca\/fr\/seringue-de-rincage-chlorure-de-sodium\/#breadcrumb","itemListElement":[{"@type":"ListItem","position":1,"name":"Accueil","item":"https:\/\/sterilia.ca\/fr\/"},{"@type":"ListItem","position":2,"name":"Seringue de rin\u00e7age (Chlorure de Sodium)"}]},{"@type":"WebSite","@id":"https:\/\/sterilia.ca\/fr\/#website","url":"https:\/\/sterilia.ca\/fr\/","name":"sterilia","description":"","publisher":{"@id":"https:\/\/sterilia.ca\/fr\/#organization"},"potentialAction":[{"@type":"SearchAction","target":{"@type":"EntryPoint","urlTemplate":"https:\/\/sterilia.ca\/fr\/?s={search_term_string}"},"query-input":{"@type":"PropertyValueSpecification","valueRequired":true,"valueName":"search_term_string"}}],"inLanguage":"fr-FR"},{"@type":"Organization","@id":"https:\/\/sterilia.ca\/fr\/#organization","name":"sterilia","url":"https:\/\/sterilia.ca\/fr\/","logo":{"@type":"ImageObject","inLanguage":"fr-FR","@id":"https:\/\/sterilia.ca\/fr\/#\/schema\/logo\/image\/","url":"https:\/\/sterilia.ca\/wp-content\/uploads\/2025\/12\/cropped-favicon-2025-1-1.png","contentUrl":"https:\/\/sterilia.ca\/wp-content\/uploads\/2025\/12\/cropped-favicon-2025-1-1.png","width":512,"height":512,"caption":"sterilia"},"image":{"@id":"https:\/\/sterilia.ca\/fr\/#\/schema\/logo\/image\/"}}]}},"_links":{"self":[{"href":"https:\/\/sterilia.ca\/fr\/wp-json\/wp\/v2\/pages\/278","targetHints":{"allow":["GET"]}}],"collection":[{"href":"https:\/\/sterilia.ca\/fr\/wp-json\/wp\/v2\/pages"}],"about":[{"href":"https:\/\/sterilia.ca\/fr\/wp-json\/wp\/v2\/types\/page"}],"author":[{"embeddable":true,"href":"https:\/\/sterilia.ca\/fr\/wp-json\/wp\/v2\/users\/1"}],"replies":[{"embeddable":true,"href":"https:\/\/sterilia.ca\/fr\/wp-json\/wp\/v2\/comments?post=278"}],"version-history":[{"count":8,"href":"https:\/\/sterilia.ca\/fr\/wp-json\/wp\/v2\/pages\/278\/revisions"}],"predecessor-version":[{"id":420,"href":"https:\/\/sterilia.ca\/fr\/wp-json\/wp\/v2\/pages\/278\/revisions\/420"}],"wp:attachment":[{"href":"https:\/\/sterilia.ca\/fr\/wp-json\/wp\/v2\/media?parent=278"}],"curies":[{"name":"wp","href":"https:\/\/api.w.org\/{rel}","templated":true}]}}