{"id":271,"date":"2025-10-14T10:46:57","date_gmt":"2025-10-14T14:46:57","guid":{"rendered":"http:\/\/sterilia.ca\/?page_id=271"},"modified":"2025-12-08T15:28:02","modified_gmt":"2025-12-08T20:28:02","slug":"administration-par-pompe-cadd-solis-vip","status":"publish","type":"page","link":"https:\/\/sterilia.ca\/fr\/administration-par-pompe-cadd-solis-vip\/","title":{"rendered":"Administration par pompe CADD (SOLIS VIP)"},"content":{"rendered":"\r\n<h2>\r\n\t\t\tRessources\t<\/h2>\r\n<h2>\r\n\t\t\tAdministration par pompe CADD (SOLIS VIP)\t<\/h2>\r\n\t\t\t\t<img decoding=\"async\" src=\"https:\/\/sterilia.ca\/wp-content\/uploads\/2025\/10\/Img-et-forme-2.png\" alt=\"Img et forme\" itemprop=\"image\" height=\"510\" width=\"510\" title=\"Img et forme\" onerror=\"this.style.display='none'\" loading=\"lazy\" \/>\r\n\t<p>Cette m\u00e9thode permet que votre antibiotique soit donn\u00e9 aux heures prescrites par le m\u00e9decin et ce, de fa\u00e7on automatique via la pompe \u00e0 perfusion. L&rsquo;antibiotique est pr\u00e9par\u00e9 en sac qui est reli\u00e9 \u00e0 une tubulure. Cette tubulure est fix\u00e9e en tout temps \u00e0 votre cath\u00e9ter.<\/p>\r\n<p>La pompe administrera, 24 heures sur 24, une petite quantit\u00e9 de m\u00e9dicament pour \u00e9viter que votre cath\u00e9ter intraveineux se bloque.<\/p>\r\n<p>Nous vous invitons \u00e0 consulter le guide d&rsquo;enseignement \u00e9labor\u00e9 par le CIUSSS de la Capitale-Nationale, lequel pr\u00e9sente l&rsquo;ensemble des informations n\u00e9cessaires sur le dispositif.<\/p>\r\n\t<p>R\u00e9f\u00e9rence: <a href=\"\/wp-content\/uploads\/2025\/10\/DSP_pompe_cadd-solis-vip.pdf\">Guide d&rsquo;enseignement &#8211; Programme r\u00e9gional d&rsquo;antibioth\u00e9rapie intraveineuse ambulatoire et \u00e0 domicile (ATIVAD) &#8211; CISSS Capitale-nationale<\/a><\/p>\r\n\t\t\t<a href=\"\/wp-content\/uploads\/2025\/10\/DSP_pompe_cadd-solis-vip.pdf\" target=\"_blank\" rel=\"noopener\">\r\n\t\t\t\t\t\t\tT\u00e9l\u00e9charger le document\r\n\t\t\t\t\t<\/a>\r\n\r\n","protected":false},"excerpt":{"rendered":"<p>Ressources Administration par pompe CADD (SOLIS VIP) Cette m\u00e9thode permet que votre antibiotique soit donn\u00e9 aux heures prescrites par le m\u00e9decin et ce, de fa\u00e7on automatique via la pompe \u00e0 perfusion. L&rsquo;antibiotique est pr\u00e9par\u00e9 en sac qui est reli\u00e9 \u00e0 une tubulure. Cette tubulure est fix\u00e9e en tout temps \u00e0 votre cath\u00e9ter. La pompe administrera, [&hellip;]<\/p>\n","protected":false},"author":1,"featured_media":0,"parent":0,"menu_order":0,"comment_status":"closed","ping_status":"closed","template":"","meta":{"inline_featured_image":false,"site-sidebar-layout":"no-sidebar","site-content-layout":"page-builder","ast-site-content-layout":"full-width-container","site-content-style":"default","site-sidebar-style":"default","ast-global-header-display":"","ast-banner-title-visibility":"","ast-main-header-display":"","ast-hfb-above-header-display":"","ast-hfb-below-header-display":"","ast-hfb-mobile-header-display":"","site-post-title":"disabled","ast-breadcrumbs-content":"","ast-featured-img":"disabled","footer-sml-layout":"","theme-transparent-header-meta":"default","adv-header-id-meta":"","stick-header-meta":"","header-above-stick-meta":"","header-main-stick-meta":"","header-below-stick-meta":"","astra-migrate-meta-layouts":"set","ast-page-background-enabled":"default","ast-page-background-meta":{"desktop":{"background-color":"var(--ast-global-color-4)","background-image":"","background-repeat":"repeat","background-position":"center center","background-size":"auto","background-attachment":"scroll","background-type":"","background-media":"","overlay-type":"","overlay-color":"","overlay-opacity":"","overlay-gradient":""},"tablet":{"background-color":"","background-image":"","background-repeat":"repeat","background-position":"center center","background-size":"auto","background-attachment":"scroll","background-type":"","background-media":"","overlay-type":"","overlay-color":"","overlay-opacity":"","overlay-gradient":""},"mobile":{"background-color":"","background-image":"","background-repeat":"repeat","background-position":"center center","background-size":"auto","background-attachment":"scroll","background-type":"","background-media":"","overlay-type":"","overlay-color":"","overlay-opacity":"","overlay-gradient":""}},"ast-content-background-meta":{"desktop":{"background-color":"var(--ast-global-color-5)","background-image":"","background-repeat":"repeat","background-position":"center center","background-size":"auto","background-attachment":"scroll","background-type":"","background-media":"","overlay-type":"","overlay-color":"","overlay-opacity":"","overlay-gradient":""},"tablet":{"background-color":"var(--ast-global-color-5)","background-image":"","background-repeat":"repeat","background-position":"center center","background-size":"auto","background-attachment":"scroll","background-type":"","background-media":"","overlay-type":"","overlay-color":"","overlay-opacity":"","overlay-gradient":""},"mobile":{"background-color":"var(--ast-global-color-5)","background-image":"","background-repeat":"repeat","background-position":"center center","background-size":"auto","background-attachment":"scroll","background-type":"","background-media":"","overlay-type":"","overlay-color":"","overlay-opacity":"","overlay-gradient":""}},"footnotes":""},"class_list":["post-271","page","type-page","status-publish","hentry"],"yoast_head":"<!-- This site is optimized with the Yoast SEO plugin v26.5 - https:\/\/yoast.com\/wordpress\/plugins\/seo\/ -->\n<title>sterilia | Administration par pompe CADD (SOLIS VIP) -<\/title>\n<meta name=\"robots\" content=\"index, follow, max-snippet:-1, max-image-preview:large, max-video-preview:-1\" \/>\n<link rel=\"canonical\" href=\"https:\/\/sterilia.ca\/fr\/administration-par-pompe-cadd-solis-vip\/\" \/>\n<meta property=\"og:locale\" content=\"fr_FR\" \/>\n<meta property=\"og:type\" content=\"article\" \/>\n<meta property=\"og:title\" content=\"sterilia | Administration par pompe CADD (SOLIS VIP) -\" \/>\n<meta property=\"og:description\" content=\"Ressources Administration par pompe CADD (SOLIS VIP) Cette m\u00e9thode permet que votre antibiotique soit donn\u00e9 aux heures prescrites par le m\u00e9decin et ce, de fa\u00e7on automatique via la pompe \u00e0 perfusion. L&rsquo;antibiotique est pr\u00e9par\u00e9 en sac qui est reli\u00e9 \u00e0 une tubulure. Cette tubulure est fix\u00e9e en tout temps \u00e0 votre cath\u00e9ter. La pompe administrera, [&hellip;]\" \/>\n<meta property=\"og:url\" content=\"https:\/\/sterilia.ca\/fr\/administration-par-pompe-cadd-solis-vip\/\" \/>\n<meta property=\"og:site_name\" content=\"sterilia\" \/>\n<meta property=\"article:modified_time\" content=\"2025-12-08T20:28:02+00:00\" \/>\n<meta property=\"og:image\" content=\"https:\/\/sterilia.ca\/wp-content\/uploads\/2025\/10\/Img-et-forme-2.png\" \/>\n<meta name=\"twitter:card\" content=\"summary_large_image\" \/>\n<meta name=\"twitter:label1\" content=\"Dur\u00e9e de lecture estim\u00e9e\" \/>\n\t<meta name=\"twitter:data1\" content=\"1 minute\" \/>\n<script type=\"application\/ld+json\" class=\"yoast-schema-graph\">{\"@context\":\"https:\/\/schema.org\",\"@graph\":[{\"@type\":\"WebPage\",\"@id\":\"https:\/\/sterilia.ca\/fr\/administration-par-pompe-cadd-solis-vip\/\",\"url\":\"https:\/\/sterilia.ca\/fr\/administration-par-pompe-cadd-solis-vip\/\",\"name\":\"sterilia | Administration par pompe CADD (SOLIS VIP) -\",\"isPartOf\":{\"@id\":\"https:\/\/sterilia.ca\/fr\/#website\"},\"primaryImageOfPage\":{\"@id\":\"https:\/\/sterilia.ca\/fr\/administration-par-pompe-cadd-solis-vip\/#primaryimage\"},\"image\":{\"@id\":\"https:\/\/sterilia.ca\/fr\/administration-par-pompe-cadd-solis-vip\/#primaryimage\"},\"thumbnailUrl\":\"https:\/\/sterilia.ca\/wp-content\/uploads\/2025\/10\/Img-et-forme-2.png\",\"datePublished\":\"2025-10-14T14:46:57+00:00\",\"dateModified\":\"2025-12-08T20:28:02+00:00\",\"breadcrumb\":{\"@id\":\"https:\/\/sterilia.ca\/fr\/administration-par-pompe-cadd-solis-vip\/#breadcrumb\"},\"inLanguage\":\"fr-FR\",\"potentialAction\":[{\"@type\":\"ReadAction\",\"target\":[\"https:\/\/sterilia.ca\/fr\/administration-par-pompe-cadd-solis-vip\/\"]}]},{\"@type\":\"ImageObject\",\"inLanguage\":\"fr-FR\",\"@id\":\"https:\/\/sterilia.ca\/fr\/administration-par-pompe-cadd-solis-vip\/#primaryimage\",\"url\":\"https:\/\/sterilia.ca\/wp-content\/uploads\/2025\/10\/Img-et-forme-2.png\",\"contentUrl\":\"https:\/\/sterilia.ca\/wp-content\/uploads\/2025\/10\/Img-et-forme-2.png\"},{\"@type\":\"BreadcrumbList\",\"@id\":\"https:\/\/sterilia.ca\/fr\/administration-par-pompe-cadd-solis-vip\/#breadcrumb\",\"itemListElement\":[{\"@type\":\"ListItem\",\"position\":1,\"name\":\"Accueil\",\"item\":\"https:\/\/sterilia.ca\/fr\/\"},{\"@type\":\"ListItem\",\"position\":2,\"name\":\"Administration par pompe CADD (SOLIS VIP)\"}]},{\"@type\":\"WebSite\",\"@id\":\"https:\/\/sterilia.ca\/fr\/#website\",\"url\":\"https:\/\/sterilia.ca\/fr\/\",\"name\":\"sterilia\",\"description\":\"\",\"publisher\":{\"@id\":\"https:\/\/sterilia.ca\/fr\/#organization\"},\"potentialAction\":[{\"@type\":\"SearchAction\",\"target\":{\"@type\":\"EntryPoint\",\"urlTemplate\":\"https:\/\/sterilia.ca\/fr\/?s={search_term_string}\"},\"query-input\":{\"@type\":\"PropertyValueSpecification\",\"valueRequired\":true,\"valueName\":\"search_term_string\"}}],\"inLanguage\":\"fr-FR\"},{\"@type\":\"Organization\",\"@id\":\"https:\/\/sterilia.ca\/fr\/#organization\",\"name\":\"sterilia\",\"url\":\"https:\/\/sterilia.ca\/fr\/\",\"logo\":{\"@type\":\"ImageObject\",\"inLanguage\":\"fr-FR\",\"@id\":\"https:\/\/sterilia.ca\/fr\/#\/schema\/logo\/image\/\",\"url\":\"https:\/\/sterilia.ca\/wp-content\/uploads\/2025\/12\/cropped-favicon-2025-1-1.png\",\"contentUrl\":\"https:\/\/sterilia.ca\/wp-content\/uploads\/2025\/12\/cropped-favicon-2025-1-1.png\",\"width\":512,\"height\":512,\"caption\":\"sterilia\"},\"image\":{\"@id\":\"https:\/\/sterilia.ca\/fr\/#\/schema\/logo\/image\/\"}}]}<\/script>\n<!-- \/ Yoast SEO plugin. -->","yoast_head_json":{"title":"sterilia | Administration par pompe CADD (SOLIS VIP) -","robots":{"index":"index","follow":"follow","max-snippet":"max-snippet:-1","max-image-preview":"max-image-preview:large","max-video-preview":"max-video-preview:-1"},"canonical":"https:\/\/sterilia.ca\/fr\/administration-par-pompe-cadd-solis-vip\/","og_locale":"fr_FR","og_type":"article","og_title":"sterilia | Administration par pompe CADD (SOLIS VIP) -","og_description":"Ressources Administration par pompe CADD (SOLIS VIP) Cette m\u00e9thode permet que votre antibiotique soit donn\u00e9 aux heures prescrites par le m\u00e9decin et ce, de fa\u00e7on automatique via la pompe \u00e0 perfusion. L&rsquo;antibiotique est pr\u00e9par\u00e9 en sac qui est reli\u00e9 \u00e0 une tubulure. Cette tubulure est fix\u00e9e en tout temps \u00e0 votre cath\u00e9ter. La pompe administrera, [&hellip;]","og_url":"https:\/\/sterilia.ca\/fr\/administration-par-pompe-cadd-solis-vip\/","og_site_name":"sterilia","article_modified_time":"2025-12-08T20:28:02+00:00","og_image":[{"url":"https:\/\/sterilia.ca\/wp-content\/uploads\/2025\/10\/Img-et-forme-2.png","type":"","width":"","height":""}],"twitter_card":"summary_large_image","twitter_misc":{"Dur\u00e9e de lecture estim\u00e9e":"1 minute"},"schema":{"@context":"https:\/\/schema.org","@graph":[{"@type":"WebPage","@id":"https:\/\/sterilia.ca\/fr\/administration-par-pompe-cadd-solis-vip\/","url":"https:\/\/sterilia.ca\/fr\/administration-par-pompe-cadd-solis-vip\/","name":"sterilia | Administration par pompe CADD (SOLIS VIP) -","isPartOf":{"@id":"https:\/\/sterilia.ca\/fr\/#website"},"primaryImageOfPage":{"@id":"https:\/\/sterilia.ca\/fr\/administration-par-pompe-cadd-solis-vip\/#primaryimage"},"image":{"@id":"https:\/\/sterilia.ca\/fr\/administration-par-pompe-cadd-solis-vip\/#primaryimage"},"thumbnailUrl":"https:\/\/sterilia.ca\/wp-content\/uploads\/2025\/10\/Img-et-forme-2.png","datePublished":"2025-10-14T14:46:57+00:00","dateModified":"2025-12-08T20:28:02+00:00","breadcrumb":{"@id":"https:\/\/sterilia.ca\/fr\/administration-par-pompe-cadd-solis-vip\/#breadcrumb"},"inLanguage":"fr-FR","potentialAction":[{"@type":"ReadAction","target":["https:\/\/sterilia.ca\/fr\/administration-par-pompe-cadd-solis-vip\/"]}]},{"@type":"ImageObject","inLanguage":"fr-FR","@id":"https:\/\/sterilia.ca\/fr\/administration-par-pompe-cadd-solis-vip\/#primaryimage","url":"https:\/\/sterilia.ca\/wp-content\/uploads\/2025\/10\/Img-et-forme-2.png","contentUrl":"https:\/\/sterilia.ca\/wp-content\/uploads\/2025\/10\/Img-et-forme-2.png"},{"@type":"BreadcrumbList","@id":"https:\/\/sterilia.ca\/fr\/administration-par-pompe-cadd-solis-vip\/#breadcrumb","itemListElement":[{"@type":"ListItem","position":1,"name":"Accueil","item":"https:\/\/sterilia.ca\/fr\/"},{"@type":"ListItem","position":2,"name":"Administration par pompe CADD (SOLIS VIP)"}]},{"@type":"WebSite","@id":"https:\/\/sterilia.ca\/fr\/#website","url":"https:\/\/sterilia.ca\/fr\/","name":"sterilia","description":"","publisher":{"@id":"https:\/\/sterilia.ca\/fr\/#organization"},"potentialAction":[{"@type":"SearchAction","target":{"@type":"EntryPoint","urlTemplate":"https:\/\/sterilia.ca\/fr\/?s={search_term_string}"},"query-input":{"@type":"PropertyValueSpecification","valueRequired":true,"valueName":"search_term_string"}}],"inLanguage":"fr-FR"},{"@type":"Organization","@id":"https:\/\/sterilia.ca\/fr\/#organization","name":"sterilia","url":"https:\/\/sterilia.ca\/fr\/","logo":{"@type":"ImageObject","inLanguage":"fr-FR","@id":"https:\/\/sterilia.ca\/fr\/#\/schema\/logo\/image\/","url":"https:\/\/sterilia.ca\/wp-content\/uploads\/2025\/12\/cropped-favicon-2025-1-1.png","contentUrl":"https:\/\/sterilia.ca\/wp-content\/uploads\/2025\/12\/cropped-favicon-2025-1-1.png","width":512,"height":512,"caption":"sterilia"},"image":{"@id":"https:\/\/sterilia.ca\/fr\/#\/schema\/logo\/image\/"}}]}},"_links":{"self":[{"href":"https:\/\/sterilia.ca\/fr\/wp-json\/wp\/v2\/pages\/271","targetHints":{"allow":["GET"]}}],"collection":[{"href":"https:\/\/sterilia.ca\/fr\/wp-json\/wp\/v2\/pages"}],"about":[{"href":"https:\/\/sterilia.ca\/fr\/wp-json\/wp\/v2\/types\/page"}],"author":[{"embeddable":true,"href":"https:\/\/sterilia.ca\/fr\/wp-json\/wp\/v2\/users\/1"}],"replies":[{"embeddable":true,"href":"https:\/\/sterilia.ca\/fr\/wp-json\/wp\/v2\/comments?post=271"}],"version-history":[{"count":5,"href":"https:\/\/sterilia.ca\/fr\/wp-json\/wp\/v2\/pages\/271\/revisions"}],"predecessor-version":[{"id":419,"href":"https:\/\/sterilia.ca\/fr\/wp-json\/wp\/v2\/pages\/271\/revisions\/419"}],"wp:attachment":[{"href":"https:\/\/sterilia.ca\/fr\/wp-json\/wp\/v2\/media?parent=271"}],"curies":[{"name":"wp","href":"https:\/\/api.w.org\/{rel}","templated":true}]}}