{"id":215,"date":"2025-10-09T15:40:04","date_gmt":"2025-10-09T19:40:04","guid":{"rendered":"http:\/\/sterilia.ca\/?page_id=215"},"modified":"2025-12-08T15:25:28","modified_gmt":"2025-12-08T20:25:28","slug":"nutrition-parenterale-totale-tpn","status":"publish","type":"page","link":"https:\/\/sterilia.ca\/fr\/nutrition-parenterale-totale-tpn\/","title":{"rendered":"Nutrition parent\u00e9rale totale (TPN)"},"content":{"rendered":"\r\n<h2>\r\n\t\t\tNutrition parent\u00e9rale totale (TPN)\t<\/h2>\r\n\t\t\t\t<img decoding=\"async\" src=\"https:\/\/sterilia.ca\/wp-content\/uploads\/2025\/10\/img-1.png\" alt=\"img-1\" itemprop=\"image\" height=\"505\" width=\"507\" title=\"img-1\" onerror=\"this.style.display='none'\" loading=\"lazy\" \/>\r\n<h2>\r\n\t\t\tUne pr\u00e9cision vitale. Un encadrement sur mesure.\t<\/h2>\r\n\t<p>Sterilia met son expertise en nutrition parent\u00e9rale au service des patients les plus vuln\u00e9rables. Chaque formule est pr\u00e9par\u00e9e avec un niveau de contr\u00f4le exceptionnel, puis livr\u00e9e rapidement, partout au Qu\u00e9bec, avec maintien de la cha\u00eene du froid.<\/p>\r\n<h2>\r\n\t\t\tDes pr\u00e9parations TPN sp\u00e9cifiques aux besoins des milieux cliniques.\t<\/h2>\r\n\t<p>Sterilia pr\u00e9pare des solutions de nutrition parent\u00e9rale st\u00e9rile dans un environnement sp\u00e9cialis\u00e9, avec des pratiques de contr\u00f4le rigoureuses \u00e0 chaque \u00e9tape. Chaque pr\u00e9paration est coordonn\u00e9e en collaboration avec les \u00e9quipes soignantes, pour r\u00e9pondre aux besoins des patients les plus vuln\u00e9rables, \u00e0 l&rsquo;h\u00f4pital comme \u00e0 domicile.<\/p>\r\n<h2>\r\n\t\t\tHyperalimentation intraveineuse\t<\/h2>\r\n\t<p>L&rsquo;hyperalimentation intraveineuse vous permet de recevoir un m\u00e9lange de nutriments essentiels sous une forme directement assimilable par votre corps, comme s&rsquo;ils \u00e9taient d\u00e9j\u00e0 pr\u00e9dig\u00e9r\u00e9s. Ce m\u00e9lange passe directement du sac \u00e0 votre circulation sanguine.<\/p>\r\n<p>Votre \u00e9quipe m\u00e9dicale ajuste r\u00e9guli\u00e8rement cette \u00ab recette \u00bb pour r\u00e9pondre \u00e0 vos besoins sp\u00e9cifiques.<\/p>\r\n<p>Notre pharmacie collabore \u00e9troitement avec les principaux sp\u00e9cialistes des programmes d&rsquo;hyperalimentation intraveineuse partout au Qu\u00e9bec.<\/p>\r\n\t\t\t\t<img decoding=\"async\" src=\"https:\/\/sterilia.ca\/wp-content\/uploads\/2025\/10\/img-2-1.png\" alt=\"img-2\" itemprop=\"image\" height=\"510\" width=\"510\" title=\"img-2\" onerror=\"this.style.display='none'\" loading=\"lazy\" \/>\r\n\t\t\t\t<img decoding=\"async\" src=\"https:\/\/sterilia.ca\/wp-content\/uploads\/2025\/10\/img-3.png\" alt=\"img-3\" itemprop=\"image\" height=\"505\" width=\"507\" title=\"img-3\" onerror=\"this.style.display='none'\" loading=\"lazy\" \/>\r\n<h2>\r\n\t\t\t\u00c9quipements et mat\u00e9riels pour la nutrition ent\u00e9rale\t<\/h2>\r\n\t<p>La nutrition ent\u00e9rale consiste \u00e0 apporter une alimentation directement dans l&rsquo;estomac ou l&rsquo;intestin \u00e0 l&rsquo;aide d&rsquo;une solution nutritive.<\/p>\r\n<p>Il existe plusieurs fa\u00e7ons de l&rsquo;administrer, et votre \u00e9quipe m\u00e9dicale vous proposera l&rsquo;option la plus adapt\u00e9e \u00e0 votre situation.<\/p>\r\n<p>Notre pharmacie fournit tous les \u00e9quipements et mat\u00e9riels n\u00e9cessaires pour l&rsquo;administration de votre nutrition ent\u00e9rale.<\/p>\r\n<h2>\r\n\t\t\tService et soutien\t<\/h2>\r\n\tNotre \u00e9quipe ma\u00eetrise le programme minist\u00e9riel d&rsquo;alimentation ent\u00e9rale \u00e0 domicile du Qu\u00e9bec et peut vous accompagner dans vos d\u00e9marches.<br \/>\r\nNous vous aidons aussi \u00e0 compl\u00e9ter une demande aupr\u00e8s de votre assureur priv\u00e9, afin de faciliter l&rsquo;acc\u00e8s \u00e0 vos traitements.\r\n\t\t\t\t<img decoding=\"async\" src=\"https:\/\/sterilia.ca\/wp-content\/uploads\/2025\/10\/img-4.png\" alt=\"img-4\" itemprop=\"image\" height=\"505\" width=\"507\" title=\"img-4\" onerror=\"this.style.display='none'\" loading=\"lazy\" \/>\r\n<h2>\r\n\t\t\tNos engagements\t<\/h2>\r\n<h4>\r\n\t\t\tFormules personnalis\u00e9es adapt\u00e9es aux besoins nutritionnels pr\u00e9cis\t<\/h4>\r\n<h4>\r\n\t\t\tContr\u00f4les quotidiens qui d\u00e9passent les normes usuelles\t<\/h4>\r\n<h4>\r\n\t\t\tLivraison rapide et s\u00e9curis\u00e9e, incluant la cha\u00eene du froid\t<\/h4>\r\n<h4>\r\n\t\t\tSuivi clinique pour un accompagnement optimal\t<\/h4>\r\n<h2>\r\n\t\t\tPourquoi choisir Sterilia?\t<\/h2>\r\n\t<ul>\r\n<li>\r\n<h4>Pr\u00e9cision et rigueur<\/h4>\r\nContr\u00f4les de la qualit\u00e9 quotidiens surpassant les normes de l&rsquo;industrie<\/li>\r\n<\/ul>\r\n\t<ul>\r\n<li>\r\n<h4>Soutien continu<\/h4>\r\nUn partenaire de confiance pour les h\u00f4pitaux, pharmacies communautaires et cliniques sp\u00e9cialis\u00e9es<\/li>\r\n<\/ul>\r\n\t<ul>\r\n<li>\r\n<h4>Fiabilit\u00e9 logistique<\/h4>\r\nLivraisons rapides, tra\u00e7abilit\u00e9 compl\u00e8te et respect de la cha\u00eene du froid<\/li>\r\n<\/ul>\r\n\t\t\t<a href=\"https:\/\/sterilia.ca\/preparations-magistrales-steriles\/\" target=\"_self\">\r\n\t\t\t\t\t\t\tD\u00e9couvrir nos pr\u00e9parations magistrales st\u00e9riles\r\n\t\t\t<\/a>\r\n\t\t\t<a href=\"https:\/\/sterilia.ca\/preparations-magistrales-non-steriles\/\" target=\"_self\">\r\n\t\t\t\t\t\t\tVoir nos pr\u00e9parations non st\u00e9riles\r\n\t\t\t<\/a>\r\n\t\t\t<a href=\"https:\/\/sterilia.ca\/commandes\/\" target=\"_self\">\r\n\t\t\t\t\t\t\tSoumettre une commande ou demander une soumission\r\n\t\t\t<\/a>\r\n\r\n","protected":false},"excerpt":{"rendered":"<p>Nutrition parent\u00e9rale totale (TPN) Une pr\u00e9cision vitale. Un encadrement sur mesure. Sterilia met son expertise en nutrition parent\u00e9rale au service des patients les plus vuln\u00e9rables. Chaque formule est pr\u00e9par\u00e9e avec un niveau de contr\u00f4le exceptionnel, puis livr\u00e9e rapidement, partout au Qu\u00e9bec, avec maintien de la cha\u00eene du froid. Des pr\u00e9parations TPN sp\u00e9cifiques aux besoins des [&hellip;]<\/p>\n","protected":false},"author":1,"featured_media":0,"parent":0,"menu_order":0,"comment_status":"closed","ping_status":"closed","template":"","meta":{"inline_featured_image":false,"site-sidebar-layout":"no-sidebar","site-content-layout":"page-builder","ast-site-content-layout":"full-width-container","site-content-style":"default","site-sidebar-style":"default","ast-global-header-display":"","ast-banner-title-visibility":"","ast-main-header-display":"","ast-hfb-above-header-display":"","ast-hfb-below-header-display":"","ast-hfb-mobile-header-display":"","site-post-title":"disabled","ast-breadcrumbs-content":"","ast-featured-img":"disabled","footer-sml-layout":"","theme-transparent-header-meta":"default","adv-header-id-meta":"","stick-header-meta":"","header-above-stick-meta":"","header-main-stick-meta":"","header-below-stick-meta":"","astra-migrate-meta-layouts":"set","ast-page-background-enabled":"default","ast-page-background-meta":{"desktop":{"background-color":"var(--ast-global-color-4)","background-image":"","background-repeat":"repeat","background-position":"center center","background-size":"auto","background-attachment":"scroll","background-type":"","background-media":"","overlay-type":"","overlay-color":"","overlay-opacity":"","overlay-gradient":""},"tablet":{"background-color":"","background-image":"","background-repeat":"repeat","background-position":"center center","background-size":"auto","background-attachment":"scroll","background-type":"","background-media":"","overlay-type":"","overlay-color":"","overlay-opacity":"","overlay-gradient":""},"mobile":{"background-color":"","background-image":"","background-repeat":"repeat","background-position":"center center","background-size":"auto","background-attachment":"scroll","background-type":"","background-media":"","overlay-type":"","overlay-color":"","overlay-opacity":"","overlay-gradient":""}},"ast-content-background-meta":{"desktop":{"background-color":"var(--ast-global-color-5)","background-image":"","background-repeat":"repeat","background-position":"center center","background-size":"auto","background-attachment":"scroll","background-type":"","background-media":"","overlay-type":"","overlay-color":"","overlay-opacity":"","overlay-gradient":""},"tablet":{"background-color":"var(--ast-global-color-5)","background-image":"","background-repeat":"repeat","background-position":"center center","background-size":"auto","background-attachment":"scroll","background-type":"","background-media":"","overlay-type":"","overlay-color":"","overlay-opacity":"","overlay-gradient":""},"mobile":{"background-color":"var(--ast-global-color-5)","background-image":"","background-repeat":"repeat","background-position":"center center","background-size":"auto","background-attachment":"scroll","background-type":"","background-media":"","overlay-type":"","overlay-color":"","overlay-opacity":"","overlay-gradient":""}},"footnotes":""},"class_list":["post-215","page","type-page","status-publish","hentry"],"yoast_head":"<!-- This site is optimized with the Yoast SEO plugin v26.5 - https:\/\/yoast.com\/wordpress\/plugins\/seo\/ -->\n<title>Sterilia | Nutrition parent\u00e9rale (TPN)<\/title>\n<meta name=\"description\" content=\"Formules TPN adapt\u00e9es aux besoins nutritionnels adultes et p\u00e9diatriques. Contr\u00f4les quotidiens et livraison s\u00e9curitaire partout au Qu\u00e9bec.\" \/>\n<meta name=\"robots\" content=\"index, follow, max-snippet:-1, max-image-preview:large, max-video-preview:-1\" \/>\n<link rel=\"canonical\" href=\"https:\/\/sterilia.ca\/fr\/nutrition-parenterale-totale-tpn\/\" \/>\n<meta property=\"og:locale\" content=\"fr_FR\" \/>\n<meta property=\"og:type\" content=\"article\" \/>\n<meta property=\"og:title\" content=\"Sterilia | Nutrition parent\u00e9rale (TPN)\" \/>\n<meta property=\"og:description\" content=\"Formules TPN adapt\u00e9es aux besoins nutritionnels adultes et p\u00e9diatriques. Contr\u00f4les quotidiens et livraison s\u00e9curitaire partout au Qu\u00e9bec.\" \/>\n<meta property=\"og:url\" content=\"https:\/\/sterilia.ca\/fr\/nutrition-parenterale-totale-tpn\/\" \/>\n<meta property=\"og:site_name\" content=\"sterilia\" \/>\n<meta property=\"article:modified_time\" content=\"2025-12-08T20:25:28+00:00\" \/>\n<meta property=\"og:image\" content=\"https:\/\/sterilia.ca\/wp-content\/uploads\/2025\/10\/img-1.png\" \/>\n<meta name=\"twitter:card\" content=\"summary_large_image\" \/>\n<meta name=\"twitter:label1\" content=\"Dur\u00e9e de lecture estim\u00e9e\" \/>\n\t<meta name=\"twitter:data1\" content=\"3 minutes\" \/>\n<script type=\"application\/ld+json\" class=\"yoast-schema-graph\">{\"@context\":\"https:\/\/schema.org\",\"@graph\":[{\"@type\":\"WebPage\",\"@id\":\"https:\/\/sterilia.ca\/fr\/nutrition-parenterale-totale-tpn\/\",\"url\":\"https:\/\/sterilia.ca\/fr\/nutrition-parenterale-totale-tpn\/\",\"name\":\"Sterilia | Nutrition parent\u00e9rale (TPN)\",\"isPartOf\":{\"@id\":\"https:\/\/sterilia.ca\/fr\/#website\"},\"primaryImageOfPage\":{\"@id\":\"https:\/\/sterilia.ca\/fr\/nutrition-parenterale-totale-tpn\/#primaryimage\"},\"image\":{\"@id\":\"https:\/\/sterilia.ca\/fr\/nutrition-parenterale-totale-tpn\/#primaryimage\"},\"thumbnailUrl\":\"https:\/\/sterilia.ca\/wp-content\/uploads\/2025\/10\/img-1.png\",\"datePublished\":\"2025-10-09T19:40:04+00:00\",\"dateModified\":\"2025-12-08T20:25:28+00:00\",\"description\":\"Formules TPN adapt\u00e9es aux besoins nutritionnels adultes et p\u00e9diatriques. Contr\u00f4les quotidiens et livraison s\u00e9curitaire partout au Qu\u00e9bec.\",\"breadcrumb\":{\"@id\":\"https:\/\/sterilia.ca\/fr\/nutrition-parenterale-totale-tpn\/#breadcrumb\"},\"inLanguage\":\"fr-FR\",\"potentialAction\":[{\"@type\":\"ReadAction\",\"target\":[\"https:\/\/sterilia.ca\/fr\/nutrition-parenterale-totale-tpn\/\"]}]},{\"@type\":\"ImageObject\",\"inLanguage\":\"fr-FR\",\"@id\":\"https:\/\/sterilia.ca\/fr\/nutrition-parenterale-totale-tpn\/#primaryimage\",\"url\":\"https:\/\/sterilia.ca\/wp-content\/uploads\/2025\/10\/img-1.png\",\"contentUrl\":\"https:\/\/sterilia.ca\/wp-content\/uploads\/2025\/10\/img-1.png\"},{\"@type\":\"BreadcrumbList\",\"@id\":\"https:\/\/sterilia.ca\/fr\/nutrition-parenterale-totale-tpn\/#breadcrumb\",\"itemListElement\":[{\"@type\":\"ListItem\",\"position\":1,\"name\":\"Accueil\",\"item\":\"https:\/\/sterilia.ca\/fr\/\"},{\"@type\":\"ListItem\",\"position\":2,\"name\":\"Nutrition parent\u00e9rale totale (TPN)\"}]},{\"@type\":\"WebSite\",\"@id\":\"https:\/\/sterilia.ca\/fr\/#website\",\"url\":\"https:\/\/sterilia.ca\/fr\/\",\"name\":\"sterilia\",\"description\":\"\",\"publisher\":{\"@id\":\"https:\/\/sterilia.ca\/fr\/#organization\"},\"potentialAction\":[{\"@type\":\"SearchAction\",\"target\":{\"@type\":\"EntryPoint\",\"urlTemplate\":\"https:\/\/sterilia.ca\/fr\/?s={search_term_string}\"},\"query-input\":{\"@type\":\"PropertyValueSpecification\",\"valueRequired\":true,\"valueName\":\"search_term_string\"}}],\"inLanguage\":\"fr-FR\"},{\"@type\":\"Organization\",\"@id\":\"https:\/\/sterilia.ca\/fr\/#organization\",\"name\":\"sterilia\",\"url\":\"https:\/\/sterilia.ca\/fr\/\",\"logo\":{\"@type\":\"ImageObject\",\"inLanguage\":\"fr-FR\",\"@id\":\"https:\/\/sterilia.ca\/fr\/#\/schema\/logo\/image\/\",\"url\":\"https:\/\/sterilia.ca\/wp-content\/uploads\/2025\/12\/cropped-favicon-2025-1-1.png\",\"contentUrl\":\"https:\/\/sterilia.ca\/wp-content\/uploads\/2025\/12\/cropped-favicon-2025-1-1.png\",\"width\":512,\"height\":512,\"caption\":\"sterilia\"},\"image\":{\"@id\":\"https:\/\/sterilia.ca\/fr\/#\/schema\/logo\/image\/\"}}]}<\/script>\n<!-- \/ Yoast SEO plugin. -->","yoast_head_json":{"title":"Sterilia | Nutrition parent\u00e9rale (TPN)","description":"Formules TPN adapt\u00e9es aux besoins nutritionnels adultes et p\u00e9diatriques. Contr\u00f4les quotidiens et livraison s\u00e9curitaire partout au Qu\u00e9bec.","robots":{"index":"index","follow":"follow","max-snippet":"max-snippet:-1","max-image-preview":"max-image-preview:large","max-video-preview":"max-video-preview:-1"},"canonical":"https:\/\/sterilia.ca\/fr\/nutrition-parenterale-totale-tpn\/","og_locale":"fr_FR","og_type":"article","og_title":"Sterilia | Nutrition parent\u00e9rale (TPN)","og_description":"Formules TPN adapt\u00e9es aux besoins nutritionnels adultes et p\u00e9diatriques. Contr\u00f4les quotidiens et livraison s\u00e9curitaire partout au Qu\u00e9bec.","og_url":"https:\/\/sterilia.ca\/fr\/nutrition-parenterale-totale-tpn\/","og_site_name":"sterilia","article_modified_time":"2025-12-08T20:25:28+00:00","og_image":[{"url":"https:\/\/sterilia.ca\/wp-content\/uploads\/2025\/10\/img-1.png","type":"","width":"","height":""}],"twitter_card":"summary_large_image","twitter_misc":{"Dur\u00e9e de lecture estim\u00e9e":"3 minutes"},"schema":{"@context":"https:\/\/schema.org","@graph":[{"@type":"WebPage","@id":"https:\/\/sterilia.ca\/fr\/nutrition-parenterale-totale-tpn\/","url":"https:\/\/sterilia.ca\/fr\/nutrition-parenterale-totale-tpn\/","name":"Sterilia | Nutrition parent\u00e9rale (TPN)","isPartOf":{"@id":"https:\/\/sterilia.ca\/fr\/#website"},"primaryImageOfPage":{"@id":"https:\/\/sterilia.ca\/fr\/nutrition-parenterale-totale-tpn\/#primaryimage"},"image":{"@id":"https:\/\/sterilia.ca\/fr\/nutrition-parenterale-totale-tpn\/#primaryimage"},"thumbnailUrl":"https:\/\/sterilia.ca\/wp-content\/uploads\/2025\/10\/img-1.png","datePublished":"2025-10-09T19:40:04+00:00","dateModified":"2025-12-08T20:25:28+00:00","description":"Formules TPN adapt\u00e9es aux besoins nutritionnels adultes et p\u00e9diatriques. Contr\u00f4les quotidiens et livraison s\u00e9curitaire partout au Qu\u00e9bec.","breadcrumb":{"@id":"https:\/\/sterilia.ca\/fr\/nutrition-parenterale-totale-tpn\/#breadcrumb"},"inLanguage":"fr-FR","potentialAction":[{"@type":"ReadAction","target":["https:\/\/sterilia.ca\/fr\/nutrition-parenterale-totale-tpn\/"]}]},{"@type":"ImageObject","inLanguage":"fr-FR","@id":"https:\/\/sterilia.ca\/fr\/nutrition-parenterale-totale-tpn\/#primaryimage","url":"https:\/\/sterilia.ca\/wp-content\/uploads\/2025\/10\/img-1.png","contentUrl":"https:\/\/sterilia.ca\/wp-content\/uploads\/2025\/10\/img-1.png"},{"@type":"BreadcrumbList","@id":"https:\/\/sterilia.ca\/fr\/nutrition-parenterale-totale-tpn\/#breadcrumb","itemListElement":[{"@type":"ListItem","position":1,"name":"Accueil","item":"https:\/\/sterilia.ca\/fr\/"},{"@type":"ListItem","position":2,"name":"Nutrition parent\u00e9rale totale (TPN)"}]},{"@type":"WebSite","@id":"https:\/\/sterilia.ca\/fr\/#website","url":"https:\/\/sterilia.ca\/fr\/","name":"sterilia","description":"","publisher":{"@id":"https:\/\/sterilia.ca\/fr\/#organization"},"potentialAction":[{"@type":"SearchAction","target":{"@type":"EntryPoint","urlTemplate":"https:\/\/sterilia.ca\/fr\/?s={search_term_string}"},"query-input":{"@type":"PropertyValueSpecification","valueRequired":true,"valueName":"search_term_string"}}],"inLanguage":"fr-FR"},{"@type":"Organization","@id":"https:\/\/sterilia.ca\/fr\/#organization","name":"sterilia","url":"https:\/\/sterilia.ca\/fr\/","logo":{"@type":"ImageObject","inLanguage":"fr-FR","@id":"https:\/\/sterilia.ca\/fr\/#\/schema\/logo\/image\/","url":"https:\/\/sterilia.ca\/wp-content\/uploads\/2025\/12\/cropped-favicon-2025-1-1.png","contentUrl":"https:\/\/sterilia.ca\/wp-content\/uploads\/2025\/12\/cropped-favicon-2025-1-1.png","width":512,"height":512,"caption":"sterilia"},"image":{"@id":"https:\/\/sterilia.ca\/fr\/#\/schema\/logo\/image\/"}}]}},"_links":{"self":[{"href":"https:\/\/sterilia.ca\/fr\/wp-json\/wp\/v2\/pages\/215","targetHints":{"allow":["GET"]}}],"collection":[{"href":"https:\/\/sterilia.ca\/fr\/wp-json\/wp\/v2\/pages"}],"about":[{"href":"https:\/\/sterilia.ca\/fr\/wp-json\/wp\/v2\/types\/page"}],"author":[{"embeddable":true,"href":"https:\/\/sterilia.ca\/fr\/wp-json\/wp\/v2\/users\/1"}],"replies":[{"embeddable":true,"href":"https:\/\/sterilia.ca\/fr\/wp-json\/wp\/v2\/comments?post=215"}],"version-history":[{"count":10,"href":"https:\/\/sterilia.ca\/fr\/wp-json\/wp\/v2\/pages\/215\/revisions"}],"predecessor-version":[{"id":423,"href":"https:\/\/sterilia.ca\/fr\/wp-json\/wp\/v2\/pages\/215\/revisions\/423"}],"wp:attachment":[{"href":"https:\/\/sterilia.ca\/fr\/wp-json\/wp\/v2\/media?parent=215"}],"curies":[{"name":"wp","href":"https:\/\/api.w.org\/{rel}","templated":true}]}}