{"id":202,"date":"2025-10-09T15:22:41","date_gmt":"2025-10-09T19:22:41","guid":{"rendered":"http:\/\/sterilia.ca\/?page_id=202"},"modified":"2025-12-08T15:27:12","modified_gmt":"2025-12-08T20:27:12","slug":"preparations-magistrales-non-steriles","status":"publish","type":"page","link":"https:\/\/sterilia.ca\/fr\/preparations-magistrales-non-steriles\/","title":{"rendered":"Pr\u00e9parations magistrales non st\u00e9riles"},"content":{"rendered":"\r\n<h2>\r\n\t\t\tPr\u00e9parations magistrales non st\u00e9riles\t<\/h2>\r\n\t\t\t\t<img decoding=\"async\" src=\"https:\/\/sterilia.ca\/wp-content\/uploads\/2025\/10\/Img-et-forme-Gauche.png\" alt=\"Img et forme Gauche\" itemprop=\"image\" height=\"505\" width=\"507\" title=\"Img et forme Gauche\" onerror=\"this.style.display='none'\" loading=\"lazy\" \/>\r\n<h2>\r\n\t\t\tCr\u00e8mes, onguents, suspensions\t<\/h2>\r\n\t<p>Sterilia soutient les pharmacies communautaires avec des pr\u00e9parations s\u00e9curitaires, adapt\u00e9es \u00e0 vos besoins. Chaque commande est ex\u00e9cut\u00e9e avec soin, et livr\u00e9e efficacement partout au Qu\u00e9bec.<\/p>\r\n<h2>\r\n\t\t\tUne ex\u00e9cution soign\u00e9e pour des formulations vari\u00e9es et essentielles.\t<\/h2>\r\n\t<p>Cr\u00e8mes, onguents, suspensions ou encapsulations\u202f: chaque pr\u00e9paration est r\u00e9alis\u00e9e dans un cadre structur\u00e9 et encadr\u00e9, con\u00e7u pour r\u00e9pondre aux besoins des pharmaciens communautaires et soutenir la continuit\u00e9 des soins offerts aux patients.<\/p>\r\n<h2>\r\n\t\t\tCr\u00e8mes, onguents, solutions et suspensions magistrales\t<\/h2>\r\n\t\t\t\t<img decoding=\"async\" src=\"https:\/\/sterilia.ca\/wp-content\/uploads\/2025\/10\/img-et-forme.png\" alt=\"img et forme\" itemprop=\"image\" height=\"510\" width=\"510\" title=\"img et forme\" onerror=\"this.style.display='none'\" loading=\"lazy\" \/>\r\n\t\t\t\t<img decoding=\"async\" src=\"https:\/\/sterilia.ca\/wp-content\/uploads\/2025\/10\/Img-et-forme-6.png\" alt=\"Img et forme\" itemprop=\"image\" height=\"510\" width=\"510\" title=\"Img et forme\" onerror=\"this.style.display='none'\" loading=\"lazy\" \/>\r\n<h2>\r\n\t\t\tEncapsulations pour posologies sp\u00e9cifiques\t<\/h2>\r\n<h2>\r\n\t\t\tService cl\u00e9 en main pour pharmacies communautaires\t<\/h2>\r\n\t\t\t\t<img decoding=\"async\" src=\"https:\/\/sterilia.ca\/wp-content\/uploads\/2025\/10\/Img-2.png\" alt=\"Img-2\" itemprop=\"image\" height=\"510\" width=\"510\" title=\"Img-2\" onerror=\"this.style.display='none'\" loading=\"lazy\" \/>\r\n<h2>\r\n\t\t\tPourquoi choisir Sterilia?\t<\/h2>\r\n\t<ul>\r\n<li>\r\n<h4>Pr\u00e9cision et rigueur<\/h4>\r\nContr\u00f4les de la qualit\u00e9 quotidiens surpassant les normes de l&rsquo;industrie<\/li>\r\n<\/ul>\r\n\t<ul>\r\n<li>\r\n<h4>Soutien continu<\/h4>\r\nUn partenaire de confiance pour les h\u00f4pitaux, pharmacies communautaires et cliniques sp\u00e9cialis\u00e9es<\/li>\r\n<\/ul>\r\n\t<ul>\r\n<li>\r\n<h4>Fiabilit\u00e9 logistique<\/h4>\r\nLivraisons rapides, tra\u00e7abilit\u00e9 compl\u00e8te et respect de la cha\u00eene du froid<\/li>\r\n<\/ul>\r\n\t\t\t<a href=\"https:\/\/sterilia.ca\/nutrition-parenterale-totale-tpn\/\" target=\"_self\">\r\n\t\t\t\t\t\t\tD\u00e9couvrir nos solutions TPN\r\n\t\t\t<\/a>\r\n\t\t\t<a href=\"https:\/\/sterilia.ca\/preparations-magistrales-steriles\/\" target=\"_self\">\r\n\t\t\t\t\t\t\tVoir nos pr\u00e9parations magistrales st\u00e9riles\r\n\t\t\t<\/a>\r\n\t\t\t<a href=\"https:\/\/sterilia.ca\/commandes\/\" target=\"_self\">\r\n\t\t\t\t\t\t\tSoumettre une commande  ou demander une soumission\r\n\t\t\t<\/a>\r\n\r\n","protected":false},"excerpt":{"rendered":"<p>Pr\u00e9parations magistrales non st\u00e9riles Cr\u00e8mes, onguents, suspensions Sterilia soutient les pharmacies communautaires avec des pr\u00e9parations s\u00e9curitaires, adapt\u00e9es \u00e0 vos besoins. Chaque commande est ex\u00e9cut\u00e9e avec soin, et livr\u00e9e efficacement partout au Qu\u00e9bec. Une ex\u00e9cution soign\u00e9e pour des formulations vari\u00e9es et essentielles. Cr\u00e8mes, onguents, suspensions ou encapsulations\u202f: chaque pr\u00e9paration est r\u00e9alis\u00e9e dans un cadre structur\u00e9 et [&hellip;]<\/p>\n","protected":false},"author":1,"featured_media":0,"parent":0,"menu_order":0,"comment_status":"closed","ping_status":"closed","template":"","meta":{"inline_featured_image":false,"site-sidebar-layout":"no-sidebar","site-content-layout":"page-builder","ast-site-content-layout":"full-width-container","site-content-style":"default","site-sidebar-style":"default","ast-global-header-display":"","ast-banner-title-visibility":"","ast-main-header-display":"","ast-hfb-above-header-display":"","ast-hfb-below-header-display":"","ast-hfb-mobile-header-display":"","site-post-title":"disabled","ast-breadcrumbs-content":"","ast-featured-img":"disabled","footer-sml-layout":"","theme-transparent-header-meta":"default","adv-header-id-meta":"","stick-header-meta":"","header-above-stick-meta":"","header-main-stick-meta":"","header-below-stick-meta":"","astra-migrate-meta-layouts":"set","ast-page-background-enabled":"default","ast-page-background-meta":{"desktop":{"background-color":"var(--ast-global-color-4)","background-image":"","background-repeat":"repeat","background-position":"center center","background-size":"auto","background-attachment":"scroll","background-type":"","background-media":"","overlay-type":"","overlay-color":"","overlay-opacity":"","overlay-gradient":""},"tablet":{"background-color":"","background-image":"","background-repeat":"repeat","background-position":"center center","background-size":"auto","background-attachment":"scroll","background-type":"","background-media":"","overlay-type":"","overlay-color":"","overlay-opacity":"","overlay-gradient":""},"mobile":{"background-color":"","background-image":"","background-repeat":"repeat","background-position":"center center","background-size":"auto","background-attachment":"scroll","background-type":"","background-media":"","overlay-type":"","overlay-color":"","overlay-opacity":"","overlay-gradient":""}},"ast-content-background-meta":{"desktop":{"background-color":"var(--ast-global-color-5)","background-image":"","background-repeat":"repeat","background-position":"center center","background-size":"auto","background-attachment":"scroll","background-type":"","background-media":"","overlay-type":"","overlay-color":"","overlay-opacity":"","overlay-gradient":""},"tablet":{"background-color":"var(--ast-global-color-5)","background-image":"","background-repeat":"repeat","background-position":"center center","background-size":"auto","background-attachment":"scroll","background-type":"","background-media":"","overlay-type":"","overlay-color":"","overlay-opacity":"","overlay-gradient":""},"mobile":{"background-color":"var(--ast-global-color-5)","background-image":"","background-repeat":"repeat","background-position":"center center","background-size":"auto","background-attachment":"scroll","background-type":"","background-media":"","overlay-type":"","overlay-color":"","overlay-opacity":"","overlay-gradient":""}},"footnotes":""},"class_list":["post-202","page","type-page","status-publish","hentry"],"yoast_head":"<!-- This site is optimized with the Yoast SEO plugin v26.5 - https:\/\/yoast.com\/wordpress\/plugins\/seo\/ -->\n<title>Sterilia | Pr\u00e9parations magistrales non st\u00e9riles<\/title>\n<meta name=\"description\" content=\"Cr\u00e8mes, onguents, suspensions et encapsulations. Des solutions fiables et livr\u00e9es rapidement pour les pharmacies communautaires.\" \/>\n<meta name=\"robots\" content=\"index, follow, max-snippet:-1, max-image-preview:large, max-video-preview:-1\" \/>\n<link rel=\"canonical\" href=\"https:\/\/sterilia.ca\/fr\/preparations-magistrales-non-steriles\/\" \/>\n<meta property=\"og:locale\" content=\"fr_FR\" \/>\n<meta property=\"og:type\" content=\"article\" \/>\n<meta property=\"og:title\" content=\"Sterilia | Pr\u00e9parations magistrales non st\u00e9riles\" \/>\n<meta property=\"og:description\" content=\"Cr\u00e8mes, onguents, suspensions et encapsulations. Des solutions fiables et livr\u00e9es rapidement pour les pharmacies communautaires.\" \/>\n<meta property=\"og:url\" content=\"https:\/\/sterilia.ca\/fr\/preparations-magistrales-non-steriles\/\" \/>\n<meta property=\"og:site_name\" content=\"sterilia\" \/>\n<meta property=\"article:modified_time\" content=\"2025-12-08T20:27:12+00:00\" \/>\n<meta property=\"og:image\" content=\"https:\/\/sterilia.ca\/wp-content\/uploads\/2025\/10\/Img-et-forme-Gauche.png\" \/>\n<meta name=\"twitter:card\" content=\"summary_large_image\" \/>\n<meta name=\"twitter:label1\" content=\"Dur\u00e9e de lecture estim\u00e9e\" \/>\n\t<meta name=\"twitter:data1\" content=\"2 minutes\" \/>\n<script type=\"application\/ld+json\" class=\"yoast-schema-graph\">{\"@context\":\"https:\/\/schema.org\",\"@graph\":[{\"@type\":\"WebPage\",\"@id\":\"https:\/\/sterilia.ca\/fr\/preparations-magistrales-non-steriles\/\",\"url\":\"https:\/\/sterilia.ca\/fr\/preparations-magistrales-non-steriles\/\",\"name\":\"Sterilia | Pr\u00e9parations magistrales non st\u00e9riles\",\"isPartOf\":{\"@id\":\"https:\/\/sterilia.ca\/fr\/#website\"},\"primaryImageOfPage\":{\"@id\":\"https:\/\/sterilia.ca\/fr\/preparations-magistrales-non-steriles\/#primaryimage\"},\"image\":{\"@id\":\"https:\/\/sterilia.ca\/fr\/preparations-magistrales-non-steriles\/#primaryimage\"},\"thumbnailUrl\":\"https:\/\/sterilia.ca\/wp-content\/uploads\/2025\/10\/Img-et-forme-Gauche.png\",\"datePublished\":\"2025-10-09T19:22:41+00:00\",\"dateModified\":\"2025-12-08T20:27:12+00:00\",\"description\":\"Cr\u00e8mes, onguents, suspensions et encapsulations. Des solutions fiables et livr\u00e9es rapidement pour les pharmacies communautaires.\",\"breadcrumb\":{\"@id\":\"https:\/\/sterilia.ca\/fr\/preparations-magistrales-non-steriles\/#breadcrumb\"},\"inLanguage\":\"fr-FR\",\"potentialAction\":[{\"@type\":\"ReadAction\",\"target\":[\"https:\/\/sterilia.ca\/fr\/preparations-magistrales-non-steriles\/\"]}]},{\"@type\":\"ImageObject\",\"inLanguage\":\"fr-FR\",\"@id\":\"https:\/\/sterilia.ca\/fr\/preparations-magistrales-non-steriles\/#primaryimage\",\"url\":\"https:\/\/sterilia.ca\/wp-content\/uploads\/2025\/10\/Img-et-forme-Gauche.png\",\"contentUrl\":\"https:\/\/sterilia.ca\/wp-content\/uploads\/2025\/10\/Img-et-forme-Gauche.png\"},{\"@type\":\"BreadcrumbList\",\"@id\":\"https:\/\/sterilia.ca\/fr\/preparations-magistrales-non-steriles\/#breadcrumb\",\"itemListElement\":[{\"@type\":\"ListItem\",\"position\":1,\"name\":\"Accueil\",\"item\":\"https:\/\/sterilia.ca\/fr\/\"},{\"@type\":\"ListItem\",\"position\":2,\"name\":\"Pr\u00e9parations magistrales non st\u00e9riles\"}]},{\"@type\":\"WebSite\",\"@id\":\"https:\/\/sterilia.ca\/fr\/#website\",\"url\":\"https:\/\/sterilia.ca\/fr\/\",\"name\":\"sterilia\",\"description\":\"\",\"publisher\":{\"@id\":\"https:\/\/sterilia.ca\/fr\/#organization\"},\"potentialAction\":[{\"@type\":\"SearchAction\",\"target\":{\"@type\":\"EntryPoint\",\"urlTemplate\":\"https:\/\/sterilia.ca\/fr\/?s={search_term_string}\"},\"query-input\":{\"@type\":\"PropertyValueSpecification\",\"valueRequired\":true,\"valueName\":\"search_term_string\"}}],\"inLanguage\":\"fr-FR\"},{\"@type\":\"Organization\",\"@id\":\"https:\/\/sterilia.ca\/fr\/#organization\",\"name\":\"sterilia\",\"url\":\"https:\/\/sterilia.ca\/fr\/\",\"logo\":{\"@type\":\"ImageObject\",\"inLanguage\":\"fr-FR\",\"@id\":\"https:\/\/sterilia.ca\/fr\/#\/schema\/logo\/image\/\",\"url\":\"https:\/\/sterilia.ca\/wp-content\/uploads\/2025\/12\/cropped-favicon-2025-1-1.png\",\"contentUrl\":\"https:\/\/sterilia.ca\/wp-content\/uploads\/2025\/12\/cropped-favicon-2025-1-1.png\",\"width\":512,\"height\":512,\"caption\":\"sterilia\"},\"image\":{\"@id\":\"https:\/\/sterilia.ca\/fr\/#\/schema\/logo\/image\/\"}}]}<\/script>\n<!-- \/ Yoast SEO plugin. -->","yoast_head_json":{"title":"Sterilia | Pr\u00e9parations magistrales non st\u00e9riles","description":"Cr\u00e8mes, onguents, suspensions et encapsulations. Des solutions fiables et livr\u00e9es rapidement pour les pharmacies communautaires.","robots":{"index":"index","follow":"follow","max-snippet":"max-snippet:-1","max-image-preview":"max-image-preview:large","max-video-preview":"max-video-preview:-1"},"canonical":"https:\/\/sterilia.ca\/fr\/preparations-magistrales-non-steriles\/","og_locale":"fr_FR","og_type":"article","og_title":"Sterilia | Pr\u00e9parations magistrales non st\u00e9riles","og_description":"Cr\u00e8mes, onguents, suspensions et encapsulations. Des solutions fiables et livr\u00e9es rapidement pour les pharmacies communautaires.","og_url":"https:\/\/sterilia.ca\/fr\/preparations-magistrales-non-steriles\/","og_site_name":"sterilia","article_modified_time":"2025-12-08T20:27:12+00:00","og_image":[{"url":"https:\/\/sterilia.ca\/wp-content\/uploads\/2025\/10\/Img-et-forme-Gauche.png","type":"","width":"","height":""}],"twitter_card":"summary_large_image","twitter_misc":{"Dur\u00e9e de lecture estim\u00e9e":"2 minutes"},"schema":{"@context":"https:\/\/schema.org","@graph":[{"@type":"WebPage","@id":"https:\/\/sterilia.ca\/fr\/preparations-magistrales-non-steriles\/","url":"https:\/\/sterilia.ca\/fr\/preparations-magistrales-non-steriles\/","name":"Sterilia | Pr\u00e9parations magistrales non st\u00e9riles","isPartOf":{"@id":"https:\/\/sterilia.ca\/fr\/#website"},"primaryImageOfPage":{"@id":"https:\/\/sterilia.ca\/fr\/preparations-magistrales-non-steriles\/#primaryimage"},"image":{"@id":"https:\/\/sterilia.ca\/fr\/preparations-magistrales-non-steriles\/#primaryimage"},"thumbnailUrl":"https:\/\/sterilia.ca\/wp-content\/uploads\/2025\/10\/Img-et-forme-Gauche.png","datePublished":"2025-10-09T19:22:41+00:00","dateModified":"2025-12-08T20:27:12+00:00","description":"Cr\u00e8mes, onguents, suspensions et encapsulations. Des solutions fiables et livr\u00e9es rapidement pour les pharmacies communautaires.","breadcrumb":{"@id":"https:\/\/sterilia.ca\/fr\/preparations-magistrales-non-steriles\/#breadcrumb"},"inLanguage":"fr-FR","potentialAction":[{"@type":"ReadAction","target":["https:\/\/sterilia.ca\/fr\/preparations-magistrales-non-steriles\/"]}]},{"@type":"ImageObject","inLanguage":"fr-FR","@id":"https:\/\/sterilia.ca\/fr\/preparations-magistrales-non-steriles\/#primaryimage","url":"https:\/\/sterilia.ca\/wp-content\/uploads\/2025\/10\/Img-et-forme-Gauche.png","contentUrl":"https:\/\/sterilia.ca\/wp-content\/uploads\/2025\/10\/Img-et-forme-Gauche.png"},{"@type":"BreadcrumbList","@id":"https:\/\/sterilia.ca\/fr\/preparations-magistrales-non-steriles\/#breadcrumb","itemListElement":[{"@type":"ListItem","position":1,"name":"Accueil","item":"https:\/\/sterilia.ca\/fr\/"},{"@type":"ListItem","position":2,"name":"Pr\u00e9parations magistrales non st\u00e9riles"}]},{"@type":"WebSite","@id":"https:\/\/sterilia.ca\/fr\/#website","url":"https:\/\/sterilia.ca\/fr\/","name":"sterilia","description":"","publisher":{"@id":"https:\/\/sterilia.ca\/fr\/#organization"},"potentialAction":[{"@type":"SearchAction","target":{"@type":"EntryPoint","urlTemplate":"https:\/\/sterilia.ca\/fr\/?s={search_term_string}"},"query-input":{"@type":"PropertyValueSpecification","valueRequired":true,"valueName":"search_term_string"}}],"inLanguage":"fr-FR"},{"@type":"Organization","@id":"https:\/\/sterilia.ca\/fr\/#organization","name":"sterilia","url":"https:\/\/sterilia.ca\/fr\/","logo":{"@type":"ImageObject","inLanguage":"fr-FR","@id":"https:\/\/sterilia.ca\/fr\/#\/schema\/logo\/image\/","url":"https:\/\/sterilia.ca\/wp-content\/uploads\/2025\/12\/cropped-favicon-2025-1-1.png","contentUrl":"https:\/\/sterilia.ca\/wp-content\/uploads\/2025\/12\/cropped-favicon-2025-1-1.png","width":512,"height":512,"caption":"sterilia"},"image":{"@id":"https:\/\/sterilia.ca\/fr\/#\/schema\/logo\/image\/"}}]}},"_links":{"self":[{"href":"https:\/\/sterilia.ca\/fr\/wp-json\/wp\/v2\/pages\/202","targetHints":{"allow":["GET"]}}],"collection":[{"href":"https:\/\/sterilia.ca\/fr\/wp-json\/wp\/v2\/pages"}],"about":[{"href":"https:\/\/sterilia.ca\/fr\/wp-json\/wp\/v2\/types\/page"}],"author":[{"embeddable":true,"href":"https:\/\/sterilia.ca\/fr\/wp-json\/wp\/v2\/users\/1"}],"replies":[{"embeddable":true,"href":"https:\/\/sterilia.ca\/fr\/wp-json\/wp\/v2\/comments?post=202"}],"version-history":[{"count":10,"href":"https:\/\/sterilia.ca\/fr\/wp-json\/wp\/v2\/pages\/202\/revisions"}],"predecessor-version":[{"id":424,"href":"https:\/\/sterilia.ca\/fr\/wp-json\/wp\/v2\/pages\/202\/revisions\/424"}],"wp:attachment":[{"href":"https:\/\/sterilia.ca\/fr\/wp-json\/wp\/v2\/media?parent=202"}],"curies":[{"name":"wp","href":"https:\/\/api.w.org\/{rel}","templated":true}]}}