{"id":20,"date":"2025-09-16T13:32:20","date_gmt":"2025-09-16T17:32:20","guid":{"rendered":"http:\/\/development.sterilia.com\/?page_id=20"},"modified":"2025-12-02T10:49:37","modified_gmt":"2025-12-02T15:49:37","slug":"ressources","status":"publish","type":"page","link":"https:\/\/sterilia.ca\/fr\/ressources\/","title":{"rendered":"Ressources"},"content":{"rendered":"\r\n<h2>\r\n\t\t\tRessources\t<\/h2>\r\n\t\t\t\t<img decoding=\"async\" src=\"https:\/\/sterilia.ca\/wp-content\/uploads\/2025\/10\/img.png\" alt=\"img\" itemprop=\"image\" height=\"505\" width=\"507\" title=\"img\" onerror=\"this.style.display='none'\" loading=\"lazy\" \/>\r\n<h2>\r\n\t\t\tDes outils utiles pour mieux comprendre et agir\t<\/h2>\r\n\t<p>Sterilia met \u00e0 votre disposition des documents pratiques et fiables pour accompagner la continuit\u00e9 des soins, de l&rsquo;h\u00f4pital jusqu&rsquo;\u00e0 la maison.<\/p>\r\n\t<p>Nos ressources visent \u00e0 simplifier l&rsquo;acc\u00e8s \u00e0 l&rsquo;information, soutenir les professionnels de la sant\u00e9 et rassurer les patients.<\/p>\r\n<h2>\r\n\t\t\tComprendre et utiliser vos dispositifs en toute confiance\t<\/h2>\r\n\t<p>Nos guides et vid\u00e9os expliquent \u00e9tape par \u00e9tape le fonctionnement des principaux dispositifs utilis\u00e9s en traitements :<\/p>\r\n<h3>\r\n\t\t\tAntibioth\u00e9rapie intraveineuse en seringue (IV Push)\t<\/h3>\r\n\t\t\t<a href=\"https:\/\/sterilia.ca\/antibiotherapie-intraveineuse-en-seringue\/\" target=\"_self\">\r\n\t\t\t\t\t\t\tConsulter\r\n\t\t\t\t\t<\/a>\r\n<h3>\r\n\t\t\tPompe \u00c9lastom\u00e9rique (Intermate\/Eclipse)\t<\/h3>\r\n\t\t\t<a href=\"https:\/\/sterilia.ca\/pompe-elastomerique-intermate-eclipse\/\" target=\"_self\">\r\n\t\t\t\t\t\t\tConsulter\r\n\t\t\t\t\t<\/a>\r\n<h3>\r\n\t\t\tPompe \u00c9lastom\u00e9rique de longue dur\u00e9e (Infusor)\t<\/h3>\r\n\t\t\t<a href=\"https:\/\/sterilia.ca\/pompe-elastomerique-de-longue-duree-infusor\/\" target=\"_self\">\r\n\t\t\t\t\t\t\tConsulter\r\n\t\t\t\t\t<\/a>\r\n<h3>\r\n\t\t\tPompe CADD (SOLIS VIP)\t<\/h3>\r\n\t\t\t<a href=\"https:\/\/sterilia.ca\/administration-par-pompe-cadd-solis-vip\/\" target=\"_self\">\r\n\t\t\t\t\t\t\tConsulter\r\n\t\t\t\t\t<\/a>\r\n<h3>\r\n\t\t\tSeringue de rin\u00e7age (Chlorure de Sodium)\t<\/h3>\r\n\t\t\t<a href=\"https:\/\/sterilia.ca\/seringue-de-rincage-chlorure-de-sodium\/\" target=\"_self\">\r\n\t\t\t\t\t\t\tConsulter\r\n\t\t\t\t\t<\/a>\r\n\r\n","protected":false},"excerpt":{"rendered":"<p>Ressources Des outils utiles pour mieux comprendre et agir Sterilia met \u00e0 votre disposition des documents pratiques et fiables pour accompagner la continuit\u00e9 des soins, de l&rsquo;h\u00f4pital jusqu&rsquo;\u00e0 la maison. Nos ressources visent \u00e0 simplifier l&rsquo;acc\u00e8s \u00e0 l&rsquo;information, soutenir les professionnels de la sant\u00e9 et rassurer les patients. Comprendre et utiliser vos dispositifs en toute [&hellip;]<\/p>\n","protected":false},"author":1,"featured_media":0,"parent":0,"menu_order":0,"comment_status":"closed","ping_status":"closed","template":"","meta":{"inline_featured_image":false,"site-sidebar-layout":"no-sidebar","site-content-layout":"","ast-site-content-layout":"full-width-container","site-content-style":"default","site-sidebar-style":"default","ast-global-header-display":"","ast-banner-title-visibility":"","ast-main-header-display":"disabled","ast-hfb-above-header-display":"","ast-hfb-below-header-display":"","ast-hfb-mobile-header-display":"disabled","site-post-title":"disabled","ast-breadcrumbs-content":"","ast-featured-img":"disabled","footer-sml-layout":"disabled","theme-transparent-header-meta":"default","adv-header-id-meta":"","stick-header-meta":"","header-above-stick-meta":"","header-main-stick-meta":"","header-below-stick-meta":"","astra-migrate-meta-layouts":"set","ast-page-background-enabled":"default","ast-page-background-meta":{"desktop":{"background-color":"var(--ast-global-color-4)","background-image":"","background-repeat":"repeat","background-position":"center center","background-size":"auto","background-attachment":"scroll","background-type":"","background-media":"","overlay-type":"","overlay-color":"","overlay-opacity":"","overlay-gradient":""},"tablet":{"background-color":"","background-image":"","background-repeat":"repeat","background-position":"center center","background-size":"auto","background-attachment":"scroll","background-type":"","background-media":"","overlay-type":"","overlay-color":"","overlay-opacity":"","overlay-gradient":""},"mobile":{"background-color":"","background-image":"","background-repeat":"repeat","background-position":"center center","background-size":"auto","background-attachment":"scroll","background-type":"","background-media":"","overlay-type":"","overlay-color":"","overlay-opacity":"","overlay-gradient":""}},"ast-content-background-meta":{"desktop":{"background-color":"var(--ast-global-color-5)","background-image":"","background-repeat":"repeat","background-position":"center center","background-size":"auto","background-attachment":"scroll","background-type":"","background-media":"","overlay-type":"","overlay-color":"","overlay-opacity":"","overlay-gradient":""},"tablet":{"background-color":"var(--ast-global-color-5)","background-image":"","background-repeat":"repeat","background-position":"center center","background-size":"auto","background-attachment":"scroll","background-type":"","background-media":"","overlay-type":"","overlay-color":"","overlay-opacity":"","overlay-gradient":""},"mobile":{"background-color":"var(--ast-global-color-5)","background-image":"","background-repeat":"repeat","background-position":"center center","background-size":"auto","background-attachment":"scroll","background-type":"","background-media":"","overlay-type":"","overlay-color":"","overlay-opacity":"","overlay-gradient":""}},"footnotes":""},"class_list":["post-20","page","type-page","status-publish","hentry"],"yoast_head":"<!-- This site is optimized with the Yoast SEO plugin v26.5 - https:\/\/yoast.com\/wordpress\/plugins\/seo\/ -->\n<title>Ressources et guides pratiques | Sterilia<\/title>\n<meta name=\"description\" content=\"Acc\u00e9dez \u00e0 nos guides et vid\u00e9os pour mieux comprendre et utiliser vos dispositifs m\u00e9dicaux, de l\u2019h\u00f4pital jusqu\u2019\u00e0 la maison.\" \/>\n<meta name=\"robots\" content=\"index, follow, max-snippet:-1, max-image-preview:large, max-video-preview:-1\" \/>\n<link rel=\"canonical\" href=\"https:\/\/sterilia.ca\/fr\/ressources\/\" \/>\n<meta property=\"og:locale\" content=\"fr_FR\" \/>\n<meta property=\"og:type\" content=\"article\" \/>\n<meta property=\"og:title\" content=\"Ressources et guides pratiques | Sterilia\" \/>\n<meta property=\"og:description\" content=\"Acc\u00e9dez \u00e0 nos guides et vid\u00e9os pour mieux comprendre et utiliser vos dispositifs m\u00e9dicaux, de l\u2019h\u00f4pital jusqu\u2019\u00e0 la maison.\" \/>\n<meta property=\"og:url\" content=\"https:\/\/sterilia.ca\/fr\/ressources\/\" \/>\n<meta property=\"og:site_name\" content=\"sterilia\" \/>\n<meta property=\"article:modified_time\" content=\"2025-12-02T15:49:37+00:00\" \/>\n<meta property=\"og:image\" content=\"https:\/\/sterilia.ca\/wp-content\/uploads\/2025\/10\/img.png\" \/>\n<meta name=\"twitter:card\" content=\"summary_large_image\" \/>\n<meta name=\"twitter:label1\" content=\"Dur\u00e9e de lecture estim\u00e9e\" \/>\n\t<meta name=\"twitter:data1\" content=\"1 minute\" \/>\n<script type=\"application\/ld+json\" class=\"yoast-schema-graph\">{\"@context\":\"https:\/\/schema.org\",\"@graph\":[{\"@type\":\"WebPage\",\"@id\":\"https:\/\/sterilia.ca\/fr\/ressources\/\",\"url\":\"https:\/\/sterilia.ca\/fr\/ressources\/\",\"name\":\"Ressources et guides pratiques | Sterilia\",\"isPartOf\":{\"@id\":\"https:\/\/sterilia.ca\/fr\/#website\"},\"primaryImageOfPage\":{\"@id\":\"https:\/\/sterilia.ca\/fr\/ressources\/#primaryimage\"},\"image\":{\"@id\":\"https:\/\/sterilia.ca\/fr\/ressources\/#primaryimage\"},\"thumbnailUrl\":\"https:\/\/sterilia.ca\/wp-content\/uploads\/2025\/10\/img.png\",\"datePublished\":\"2025-09-16T17:32:20+00:00\",\"dateModified\":\"2025-12-02T15:49:37+00:00\",\"description\":\"Acc\u00e9dez \u00e0 nos guides et vid\u00e9os pour mieux comprendre et utiliser vos dispositifs m\u00e9dicaux, de l\u2019h\u00f4pital jusqu\u2019\u00e0 la maison.\",\"breadcrumb\":{\"@id\":\"https:\/\/sterilia.ca\/fr\/ressources\/#breadcrumb\"},\"inLanguage\":\"fr-FR\",\"potentialAction\":[{\"@type\":\"ReadAction\",\"target\":[\"https:\/\/sterilia.ca\/fr\/ressources\/\"]}]},{\"@type\":\"ImageObject\",\"inLanguage\":\"fr-FR\",\"@id\":\"https:\/\/sterilia.ca\/fr\/ressources\/#primaryimage\",\"url\":\"https:\/\/sterilia.ca\/wp-content\/uploads\/2025\/10\/img.png\",\"contentUrl\":\"https:\/\/sterilia.ca\/wp-content\/uploads\/2025\/10\/img.png\"},{\"@type\":\"BreadcrumbList\",\"@id\":\"https:\/\/sterilia.ca\/fr\/ressources\/#breadcrumb\",\"itemListElement\":[{\"@type\":\"ListItem\",\"position\":1,\"name\":\"Accueil\",\"item\":\"https:\/\/sterilia.ca\/fr\/\"},{\"@type\":\"ListItem\",\"position\":2,\"name\":\"Ressources\"}]},{\"@type\":\"WebSite\",\"@id\":\"https:\/\/sterilia.ca\/fr\/#website\",\"url\":\"https:\/\/sterilia.ca\/fr\/\",\"name\":\"sterilia\",\"description\":\"\",\"publisher\":{\"@id\":\"https:\/\/sterilia.ca\/fr\/#organization\"},\"potentialAction\":[{\"@type\":\"SearchAction\",\"target\":{\"@type\":\"EntryPoint\",\"urlTemplate\":\"https:\/\/sterilia.ca\/fr\/?s={search_term_string}\"},\"query-input\":{\"@type\":\"PropertyValueSpecification\",\"valueRequired\":true,\"valueName\":\"search_term_string\"}}],\"inLanguage\":\"fr-FR\"},{\"@type\":\"Organization\",\"@id\":\"https:\/\/sterilia.ca\/fr\/#organization\",\"name\":\"sterilia\",\"url\":\"https:\/\/sterilia.ca\/fr\/\",\"logo\":{\"@type\":\"ImageObject\",\"inLanguage\":\"fr-FR\",\"@id\":\"https:\/\/sterilia.ca\/fr\/#\/schema\/logo\/image\/\",\"url\":\"https:\/\/sterilia.ca\/wp-content\/uploads\/2025\/12\/cropped-favicon-2025-1-1.png\",\"contentUrl\":\"https:\/\/sterilia.ca\/wp-content\/uploads\/2025\/12\/cropped-favicon-2025-1-1.png\",\"width\":512,\"height\":512,\"caption\":\"sterilia\"},\"image\":{\"@id\":\"https:\/\/sterilia.ca\/fr\/#\/schema\/logo\/image\/\"}}]}<\/script>\n<!-- \/ Yoast SEO plugin. -->","yoast_head_json":{"title":"Ressources et guides pratiques | Sterilia","description":"Acc\u00e9dez \u00e0 nos guides et vid\u00e9os pour mieux comprendre et utiliser vos dispositifs m\u00e9dicaux, de l\u2019h\u00f4pital jusqu\u2019\u00e0 la maison.","robots":{"index":"index","follow":"follow","max-snippet":"max-snippet:-1","max-image-preview":"max-image-preview:large","max-video-preview":"max-video-preview:-1"},"canonical":"https:\/\/sterilia.ca\/fr\/ressources\/","og_locale":"fr_FR","og_type":"article","og_title":"Ressources et guides pratiques | Sterilia","og_description":"Acc\u00e9dez \u00e0 nos guides et vid\u00e9os pour mieux comprendre et utiliser vos dispositifs m\u00e9dicaux, de l\u2019h\u00f4pital jusqu\u2019\u00e0 la maison.","og_url":"https:\/\/sterilia.ca\/fr\/ressources\/","og_site_name":"sterilia","article_modified_time":"2025-12-02T15:49:37+00:00","og_image":[{"url":"https:\/\/sterilia.ca\/wp-content\/uploads\/2025\/10\/img.png","type":"","width":"","height":""}],"twitter_card":"summary_large_image","twitter_misc":{"Dur\u00e9e de lecture estim\u00e9e":"1 minute"},"schema":{"@context":"https:\/\/schema.org","@graph":[{"@type":"WebPage","@id":"https:\/\/sterilia.ca\/fr\/ressources\/","url":"https:\/\/sterilia.ca\/fr\/ressources\/","name":"Ressources et guides pratiques | Sterilia","isPartOf":{"@id":"https:\/\/sterilia.ca\/fr\/#website"},"primaryImageOfPage":{"@id":"https:\/\/sterilia.ca\/fr\/ressources\/#primaryimage"},"image":{"@id":"https:\/\/sterilia.ca\/fr\/ressources\/#primaryimage"},"thumbnailUrl":"https:\/\/sterilia.ca\/wp-content\/uploads\/2025\/10\/img.png","datePublished":"2025-09-16T17:32:20+00:00","dateModified":"2025-12-02T15:49:37+00:00","description":"Acc\u00e9dez \u00e0 nos guides et vid\u00e9os pour mieux comprendre et utiliser vos dispositifs m\u00e9dicaux, de l\u2019h\u00f4pital jusqu\u2019\u00e0 la maison.","breadcrumb":{"@id":"https:\/\/sterilia.ca\/fr\/ressources\/#breadcrumb"},"inLanguage":"fr-FR","potentialAction":[{"@type":"ReadAction","target":["https:\/\/sterilia.ca\/fr\/ressources\/"]}]},{"@type":"ImageObject","inLanguage":"fr-FR","@id":"https:\/\/sterilia.ca\/fr\/ressources\/#primaryimage","url":"https:\/\/sterilia.ca\/wp-content\/uploads\/2025\/10\/img.png","contentUrl":"https:\/\/sterilia.ca\/wp-content\/uploads\/2025\/10\/img.png"},{"@type":"BreadcrumbList","@id":"https:\/\/sterilia.ca\/fr\/ressources\/#breadcrumb","itemListElement":[{"@type":"ListItem","position":1,"name":"Accueil","item":"https:\/\/sterilia.ca\/fr\/"},{"@type":"ListItem","position":2,"name":"Ressources"}]},{"@type":"WebSite","@id":"https:\/\/sterilia.ca\/fr\/#website","url":"https:\/\/sterilia.ca\/fr\/","name":"sterilia","description":"","publisher":{"@id":"https:\/\/sterilia.ca\/fr\/#organization"},"potentialAction":[{"@type":"SearchAction","target":{"@type":"EntryPoint","urlTemplate":"https:\/\/sterilia.ca\/fr\/?s={search_term_string}"},"query-input":{"@type":"PropertyValueSpecification","valueRequired":true,"valueName":"search_term_string"}}],"inLanguage":"fr-FR"},{"@type":"Organization","@id":"https:\/\/sterilia.ca\/fr\/#organization","name":"sterilia","url":"https:\/\/sterilia.ca\/fr\/","logo":{"@type":"ImageObject","inLanguage":"fr-FR","@id":"https:\/\/sterilia.ca\/fr\/#\/schema\/logo\/image\/","url":"https:\/\/sterilia.ca\/wp-content\/uploads\/2025\/12\/cropped-favicon-2025-1-1.png","contentUrl":"https:\/\/sterilia.ca\/wp-content\/uploads\/2025\/12\/cropped-favicon-2025-1-1.png","width":512,"height":512,"caption":"sterilia"},"image":{"@id":"https:\/\/sterilia.ca\/fr\/#\/schema\/logo\/image\/"}}]}},"_links":{"self":[{"href":"https:\/\/sterilia.ca\/fr\/wp-json\/wp\/v2\/pages\/20","targetHints":{"allow":["GET"]}}],"collection":[{"href":"https:\/\/sterilia.ca\/fr\/wp-json\/wp\/v2\/pages"}],"about":[{"href":"https:\/\/sterilia.ca\/fr\/wp-json\/wp\/v2\/types\/page"}],"author":[{"embeddable":true,"href":"https:\/\/sterilia.ca\/fr\/wp-json\/wp\/v2\/users\/1"}],"replies":[{"embeddable":true,"href":"https:\/\/sterilia.ca\/fr\/wp-json\/wp\/v2\/comments?post=20"}],"version-history":[{"count":10,"href":"https:\/\/sterilia.ca\/fr\/wp-json\/wp\/v2\/pages\/20\/revisions"}],"predecessor-version":[{"id":415,"href":"https:\/\/sterilia.ca\/fr\/wp-json\/wp\/v2\/pages\/20\/revisions\/415"}],"wp:attachment":[{"href":"https:\/\/sterilia.ca\/fr\/wp-json\/wp\/v2\/media?parent=20"}],"curies":[{"name":"wp","href":"https:\/\/api.w.org\/{rel}","templated":true}]}}