{"id":16,"date":"2025-09-16T13:32:02","date_gmt":"2025-09-16T17:32:02","guid":{"rendered":"http:\/\/development.sterilia.com\/?page_id=16"},"modified":"2026-02-18T10:56:02","modified_gmt":"2026-02-18T15:56:02","slug":"a-propos","status":"publish","type":"page","link":"https:\/\/sterilia.ca\/fr\/a-propos\/","title":{"rendered":"\u00c0 propos"},"content":{"rendered":"\n<h2>\n\t\t\t\u00c0 propos\t<\/h2>\n\t\t\t\t<img decoding=\"async\" src=\"https:\/\/sterilia.ca\/wp-content\/uploads\/2025\/10\/about-image-left.png\" alt=\"about-image-left\" itemprop=\"image\" height=\"510\" width=\"510\" title=\"about-image-left\" onerror=\"this.style.display='none'\" loading=\"lazy\" \/>\n<h2>\n\t\t\tNotre r\u00f4le au quotidien\t<\/h2>\n\t<p>Sterilia contribue \u00e0 rendre les traitements plus accessibles et mieux encadr\u00e9s, en travaillant main dans la main avec les h\u00f4pitaux, les pharmacies communautaires et les cliniques.<\/p>\n<p><strong>Notre objectif<\/strong>\u202f: assurer que chaque patient soit pris en charge et qu&rsquo;il puisse recevoir le traitement dont il a besoin, au bon moment et dans les meilleures conditions.<\/p>\n<h3>\n\t\t\tMission\t<\/h3>\n\t<p>Notre mission est d&rsquo;offrir des pr\u00e9parations magistrales st\u00e9riles et non st\u00e9riles r\u00e9alis\u00e9es selon les plus hauts standards de qualit\u00e9, afin de r\u00e9pondre aux besoins sp\u00e9cifiques des patients et de soutenir le travail des professionnels de la sant\u00e9.<\/p>\n<p>Port\u00e9s par l&rsquo;expertise de notre \u00e9quipe et un engagement rigoureux envers la qualit\u00e9, nous contribuons chaque jour \u00e0 la s\u00e9curit\u00e9 des traitements et au mieux-\u00eatre des patients les plus vuln\u00e9rables.<\/p>\n<h3>\n\t\t\tCulture\t<\/h3>\n\t<p>Chez Sterilia, l&rsquo;excellence et la rigueur pharmaceutique s&rsquo;allient \u00e0 une approche profond\u00e9ment humaine.<\/p>\n<p>Chaque geste, chaque d\u00e9tail, est guid\u00e9 par notre engagement \u00e0 b\u00e2tir une confiance durable et \u00e0 offrir des soins d&rsquo;une qualit\u00e9 exceptionnelle.<\/p>\n<h3>\n\t\t\tNos valeurs\t<\/h3>\n\t<ul>\n<li>Expertise: des \u00e9quipes qualifi\u00e9es, engag\u00e9es \u00e0 maintenir les plus hauts standards.<\/li>\n<li>S\u00e9curit\u00e9: des contr\u00f4les quotidiens qui d\u00e9passent les normes usuelles.<\/li>\n<li>Humanit\u00e9: une \u00e9coute et un accompagnement adapt\u00e9s aux besoins de chaque situation.<\/li>\n<li>Collaboration: un partenariat \u00e9troit avec les h\u00f4pitaux, les pharmacies communautaires et les cliniques.<\/li>\n<\/ul>\n<h3>\n\t\t\tUn environnement mobilisateur\t<\/h3>\n\t<p>Nos \u00e9quipes \u00e9voluent dans un milieu de travail s\u00e9curitaire et stimulant, o\u00f9 l&rsquo;innovation et le respect guident chacune de nos actions. C&rsquo;est ainsi que nous assurons la qualit\u00e9 et la fiabilit\u00e9 de nos pr\u00e9parations, jour apr\u00e8s jour.<\/p>\n<h3>\n\t\t\tFAQ &#8211; Questions fr\u00e9quentes\t<\/h3>\n\t<p><b>R\u00e9ponses simples aux interrogations les plus courantes<\/b><\/p>\n\t\t\t\t\t<a href=\"#\"  id=\"fl-accordion--label-0\" tabindex=\"0\" aria-controls=\"fl-accordion--panel-0\">Qui peut avoir acc\u00e8s aux services de Sterilia?<\/a>\n\t\t\t\t\t\t\t\t\t\t\t<a href=\"#\" id=\"fl-accordion--icon-0\"  tabindex=\"0\"><i title=\"Expand\">Expand<\/i><\/a>\n\t\t\t\t\t<p>Sterilia dessert les h\u00f4pitaux, les pharmacies communautaires et les cliniques sp\u00e9cialis\u00e9es. Les patients y acc\u00e8dent g\u00e9n\u00e9ralement par l&rsquo;entremise de leur m\u00e9decin, de leur infirmi\u00e8re de liaison ou de leur pharmacien.<\/p>\n\t\t\t\t\t<a href=\"#\"  id=\"fl-accordion--label-1\" tabindex=\"0\" aria-controls=\"fl-accordion--panel-1\">Comment sont assur\u00e9s la livraison et le maintien de la cha\u00eene du froid?<\/a>\n\t\t\t\t\t\t\t\t\t\t\t<a href=\"#\" id=\"fl-accordion--icon-1\"  tabindex=\"0\"><i title=\"Expand\">Expand<\/i><\/a>\n\t\t\t\t\t<p>Nos pr\u00e9parations sont livr\u00e9es partout au Qu\u00e9bec gr\u00e2ce \u00e0 un r\u00e9seau de transport sp\u00e9cialis\u00e9. Pour les traitements sensibles comme la nutrition parent\u00e9rale, nous utilisons des transports r\u00e9frig\u00e9r\u00e9s et des contenants valid\u00e9s afin de garantir l&rsquo;int\u00e9grit\u00e9 et la s\u00e9curit\u00e9 du produit jusqu&rsquo;\u00e0 la livraison.<\/p>\n\t\t\t\t\t<a href=\"#\"  id=\"fl-accordion--label-2\" tabindex=\"0\" aria-controls=\"fl-accordion--panel-2\">Comment contacter l&rsquo;\u00e9quipe de Sterilia?<\/a>\n\t\t\t\t\t\t\t\t\t\t\t<a href=\"#\" id=\"fl-accordion--icon-2\"  tabindex=\"0\"><i title=\"Expand\">Expand<\/i><\/a>\n\t\t\t\t\t<p>Vous pouvez joindre notre \u00e9quipe par t\u00e9l\u00e9phone ou par courriel, selon votre succursale :<\/p>\n<p><b>Saint-Laurent<\/b> : stl<a href=\"mailto:saintlaurent@sterilia.ca\">@sterilia.ca<\/a> | 514 335-3500<\/p>\n<p><b>Saint-J\u00e9r\u00f4me<\/b> : stj@sterilia.ca | 450 553-2378<\/p>\n<p><b>Hochelaga<\/b> : hochelaga@sterilia.ca | 514 353-8745<\/p>\n\n","protected":false},"excerpt":{"rendered":"<p>\u00c0 propos Notre r\u00f4le au quotidien Sterilia contribue \u00e0 rendre les traitements plus accessibles et mieux encadr\u00e9s, en travaillant main dans la main avec les h\u00f4pitaux, les pharmacies communautaires et les cliniques. Notre objectif\u202f: assurer que chaque patient soit pris en charge et qu&rsquo;il puisse recevoir le traitement dont il a besoin, au bon moment [&hellip;]<\/p>\n","protected":false},"author":1,"featured_media":0,"parent":0,"menu_order":0,"comment_status":"closed","ping_status":"closed","template":"","meta":{"inline_featured_image":false,"site-sidebar-layout":"no-sidebar","site-content-layout":"page-builder","ast-site-content-layout":"full-width-container","site-content-style":"default","site-sidebar-style":"default","ast-global-header-display":"","ast-banner-title-visibility":"","ast-main-header-display":"disabled","ast-hfb-above-header-display":"","ast-hfb-below-header-display":"","ast-hfb-mobile-header-display":"disabled","site-post-title":"disabled","ast-breadcrumbs-content":"","ast-featured-img":"disabled","footer-sml-layout":"disabled","theme-transparent-header-meta":"default","adv-header-id-meta":"","stick-header-meta":"","header-above-stick-meta":"","header-main-stick-meta":"","header-below-stick-meta":"","astra-migrate-meta-layouts":"set","ast-page-background-enabled":"default","ast-page-background-meta":{"desktop":{"background-color":"var(--ast-global-color-4)","background-image":"","background-repeat":"repeat","background-position":"center center","background-size":"auto","background-attachment":"scroll","background-type":"","background-media":"","overlay-type":"","overlay-color":"","overlay-opacity":"","overlay-gradient":""},"tablet":{"background-color":"","background-image":"","background-repeat":"repeat","background-position":"center center","background-size":"auto","background-attachment":"scroll","background-type":"","background-media":"","overlay-type":"","overlay-color":"","overlay-opacity":"","overlay-gradient":""},"mobile":{"background-color":"","background-image":"","background-repeat":"repeat","background-position":"center center","background-size":"auto","background-attachment":"scroll","background-type":"","background-media":"","overlay-type":"","overlay-color":"","overlay-opacity":"","overlay-gradient":""}},"ast-content-background-meta":{"desktop":{"background-color":"var(--ast-global-color-5)","background-image":"","background-repeat":"repeat","background-position":"center center","background-size":"auto","background-attachment":"scroll","background-type":"","background-media":"","overlay-type":"","overlay-color":"","overlay-opacity":"","overlay-gradient":""},"tablet":{"background-color":"var(--ast-global-color-5)","background-image":"","background-repeat":"repeat","background-position":"center center","background-size":"auto","background-attachment":"scroll","background-type":"","background-media":"","overlay-type":"","overlay-color":"","overlay-opacity":"","overlay-gradient":""},"mobile":{"background-color":"var(--ast-global-color-5)","background-image":"","background-repeat":"repeat","background-position":"center center","background-size":"auto","background-attachment":"scroll","background-type":"","background-media":"","overlay-type":"","overlay-color":"","overlay-opacity":"","overlay-gradient":""}},"footnotes":""},"class_list":["post-16","page","type-page","status-publish","hentry"],"yoast_head":"<!-- This site is optimized with the Yoast SEO plugin v26.5 - https:\/\/yoast.com\/wordpress\/plugins\/seo\/ -->\n<title>\u00c0 propos de Sterilia | Expertise pharmaceutique au Qu\u00e9bec<\/title>\n<meta name=\"description\" content=\"Sterilia soutient patients et professionnels gr\u00e2ce \u00e0 des pr\u00e9parations personnalis\u00e9es et s\u00e9curitaires, avec un suivi rigoureux au quotidien.\" \/>\n<meta name=\"robots\" content=\"index, follow, max-snippet:-1, max-image-preview:large, max-video-preview:-1\" \/>\n<link rel=\"canonical\" href=\"https:\/\/sterilia.ca\/fr\/a-propos\/\" \/>\n<meta property=\"og:locale\" content=\"fr_FR\" \/>\n<meta property=\"og:type\" content=\"article\" \/>\n<meta property=\"og:title\" content=\"\u00c0 propos de Sterilia | Expertise pharmaceutique au Qu\u00e9bec\" \/>\n<meta property=\"og:description\" content=\"Sterilia soutient patients et professionnels gr\u00e2ce \u00e0 des pr\u00e9parations personnalis\u00e9es et s\u00e9curitaires, avec un suivi rigoureux au quotidien.\" \/>\n<meta property=\"og:url\" content=\"https:\/\/sterilia.ca\/fr\/a-propos\/\" \/>\n<meta property=\"og:site_name\" content=\"sterilia\" \/>\n<meta property=\"article:modified_time\" content=\"2026-02-18T15:56:02+00:00\" \/>\n<meta property=\"og:image\" content=\"https:\/\/sterilia.ca\/wp-content\/uploads\/2025\/10\/about-image-left.png\" \/>\n<meta name=\"twitter:card\" content=\"summary_large_image\" \/>\n<meta name=\"twitter:label1\" content=\"Dur\u00e9e de lecture estim\u00e9e\" \/>\n\t<meta name=\"twitter:data1\" content=\"3 minutes\" \/>\n<script type=\"application\/ld+json\" class=\"yoast-schema-graph\">{\"@context\":\"https:\/\/schema.org\",\"@graph\":[{\"@type\":\"WebPage\",\"@id\":\"https:\/\/sterilia.ca\/fr\/a-propos\/\",\"url\":\"https:\/\/sterilia.ca\/fr\/a-propos\/\",\"name\":\"\u00c0 propos de Sterilia | Expertise pharmaceutique au Qu\u00e9bec\",\"isPartOf\":{\"@id\":\"https:\/\/sterilia.ca\/fr\/#website\"},\"primaryImageOfPage\":{\"@id\":\"https:\/\/sterilia.ca\/fr\/a-propos\/#primaryimage\"},\"image\":{\"@id\":\"https:\/\/sterilia.ca\/fr\/a-propos\/#primaryimage\"},\"thumbnailUrl\":\"https:\/\/sterilia.ca\/wp-content\/uploads\/2025\/10\/about-image-left.png\",\"datePublished\":\"2025-09-16T17:32:02+00:00\",\"dateModified\":\"2026-02-18T15:56:02+00:00\",\"description\":\"Sterilia soutient patients et professionnels gr\u00e2ce \u00e0 des pr\u00e9parations personnalis\u00e9es et s\u00e9curitaires, avec un suivi rigoureux au quotidien.\",\"breadcrumb\":{\"@id\":\"https:\/\/sterilia.ca\/fr\/a-propos\/#breadcrumb\"},\"inLanguage\":\"fr-FR\",\"potentialAction\":[{\"@type\":\"ReadAction\",\"target\":[\"https:\/\/sterilia.ca\/fr\/a-propos\/\"]}]},{\"@type\":\"ImageObject\",\"inLanguage\":\"fr-FR\",\"@id\":\"https:\/\/sterilia.ca\/fr\/a-propos\/#primaryimage\",\"url\":\"https:\/\/sterilia.ca\/wp-content\/uploads\/2025\/10\/about-image-left.png\",\"contentUrl\":\"https:\/\/sterilia.ca\/wp-content\/uploads\/2025\/10\/about-image-left.png\"},{\"@type\":\"BreadcrumbList\",\"@id\":\"https:\/\/sterilia.ca\/fr\/a-propos\/#breadcrumb\",\"itemListElement\":[{\"@type\":\"ListItem\",\"position\":1,\"name\":\"Accueil\",\"item\":\"https:\/\/sterilia.ca\/fr\/\"},{\"@type\":\"ListItem\",\"position\":2,\"name\":\"\u00c0 propos\"}]},{\"@type\":\"WebSite\",\"@id\":\"https:\/\/sterilia.ca\/fr\/#website\",\"url\":\"https:\/\/sterilia.ca\/fr\/\",\"name\":\"sterilia\",\"description\":\"\",\"publisher\":{\"@id\":\"https:\/\/sterilia.ca\/fr\/#organization\"},\"potentialAction\":[{\"@type\":\"SearchAction\",\"target\":{\"@type\":\"EntryPoint\",\"urlTemplate\":\"https:\/\/sterilia.ca\/fr\/?s={search_term_string}\"},\"query-input\":{\"@type\":\"PropertyValueSpecification\",\"valueRequired\":true,\"valueName\":\"search_term_string\"}}],\"inLanguage\":\"fr-FR\"},{\"@type\":\"Organization\",\"@id\":\"https:\/\/sterilia.ca\/fr\/#organization\",\"name\":\"sterilia\",\"url\":\"https:\/\/sterilia.ca\/fr\/\",\"logo\":{\"@type\":\"ImageObject\",\"inLanguage\":\"fr-FR\",\"@id\":\"https:\/\/sterilia.ca\/fr\/#\/schema\/logo\/image\/\",\"url\":\"https:\/\/sterilia.ca\/wp-content\/uploads\/2025\/12\/cropped-favicon-2025-1-1.png\",\"contentUrl\":\"https:\/\/sterilia.ca\/wp-content\/uploads\/2025\/12\/cropped-favicon-2025-1-1.png\",\"width\":512,\"height\":512,\"caption\":\"sterilia\"},\"image\":{\"@id\":\"https:\/\/sterilia.ca\/fr\/#\/schema\/logo\/image\/\"}}]}<\/script>\n<!-- \/ Yoast SEO plugin. -->","yoast_head_json":{"title":"\u00c0 propos de Sterilia | Expertise pharmaceutique au Qu\u00e9bec","description":"Sterilia soutient patients et professionnels gr\u00e2ce \u00e0 des pr\u00e9parations personnalis\u00e9es et s\u00e9curitaires, avec un suivi rigoureux au quotidien.","robots":{"index":"index","follow":"follow","max-snippet":"max-snippet:-1","max-image-preview":"max-image-preview:large","max-video-preview":"max-video-preview:-1"},"canonical":"https:\/\/sterilia.ca\/fr\/a-propos\/","og_locale":"fr_FR","og_type":"article","og_title":"\u00c0 propos de Sterilia | Expertise pharmaceutique au Qu\u00e9bec","og_description":"Sterilia soutient patients et professionnels gr\u00e2ce \u00e0 des pr\u00e9parations personnalis\u00e9es et s\u00e9curitaires, avec un suivi rigoureux au quotidien.","og_url":"https:\/\/sterilia.ca\/fr\/a-propos\/","og_site_name":"sterilia","article_modified_time":"2026-02-18T15:56:02+00:00","og_image":[{"url":"https:\/\/sterilia.ca\/wp-content\/uploads\/2025\/10\/about-image-left.png","type":"","width":"","height":""}],"twitter_card":"summary_large_image","twitter_misc":{"Dur\u00e9e de lecture estim\u00e9e":"3 minutes"},"schema":{"@context":"https:\/\/schema.org","@graph":[{"@type":"WebPage","@id":"https:\/\/sterilia.ca\/fr\/a-propos\/","url":"https:\/\/sterilia.ca\/fr\/a-propos\/","name":"\u00c0 propos de Sterilia | Expertise pharmaceutique au Qu\u00e9bec","isPartOf":{"@id":"https:\/\/sterilia.ca\/fr\/#website"},"primaryImageOfPage":{"@id":"https:\/\/sterilia.ca\/fr\/a-propos\/#primaryimage"},"image":{"@id":"https:\/\/sterilia.ca\/fr\/a-propos\/#primaryimage"},"thumbnailUrl":"https:\/\/sterilia.ca\/wp-content\/uploads\/2025\/10\/about-image-left.png","datePublished":"2025-09-16T17:32:02+00:00","dateModified":"2026-02-18T15:56:02+00:00","description":"Sterilia soutient patients et professionnels gr\u00e2ce \u00e0 des pr\u00e9parations personnalis\u00e9es et s\u00e9curitaires, avec un suivi rigoureux au quotidien.","breadcrumb":{"@id":"https:\/\/sterilia.ca\/fr\/a-propos\/#breadcrumb"},"inLanguage":"fr-FR","potentialAction":[{"@type":"ReadAction","target":["https:\/\/sterilia.ca\/fr\/a-propos\/"]}]},{"@type":"ImageObject","inLanguage":"fr-FR","@id":"https:\/\/sterilia.ca\/fr\/a-propos\/#primaryimage","url":"https:\/\/sterilia.ca\/wp-content\/uploads\/2025\/10\/about-image-left.png","contentUrl":"https:\/\/sterilia.ca\/wp-content\/uploads\/2025\/10\/about-image-left.png"},{"@type":"BreadcrumbList","@id":"https:\/\/sterilia.ca\/fr\/a-propos\/#breadcrumb","itemListElement":[{"@type":"ListItem","position":1,"name":"Accueil","item":"https:\/\/sterilia.ca\/fr\/"},{"@type":"ListItem","position":2,"name":"\u00c0 propos"}]},{"@type":"WebSite","@id":"https:\/\/sterilia.ca\/fr\/#website","url":"https:\/\/sterilia.ca\/fr\/","name":"sterilia","description":"","publisher":{"@id":"https:\/\/sterilia.ca\/fr\/#organization"},"potentialAction":[{"@type":"SearchAction","target":{"@type":"EntryPoint","urlTemplate":"https:\/\/sterilia.ca\/fr\/?s={search_term_string}"},"query-input":{"@type":"PropertyValueSpecification","valueRequired":true,"valueName":"search_term_string"}}],"inLanguage":"fr-FR"},{"@type":"Organization","@id":"https:\/\/sterilia.ca\/fr\/#organization","name":"sterilia","url":"https:\/\/sterilia.ca\/fr\/","logo":{"@type":"ImageObject","inLanguage":"fr-FR","@id":"https:\/\/sterilia.ca\/fr\/#\/schema\/logo\/image\/","url":"https:\/\/sterilia.ca\/wp-content\/uploads\/2025\/12\/cropped-favicon-2025-1-1.png","contentUrl":"https:\/\/sterilia.ca\/wp-content\/uploads\/2025\/12\/cropped-favicon-2025-1-1.png","width":512,"height":512,"caption":"sterilia"},"image":{"@id":"https:\/\/sterilia.ca\/fr\/#\/schema\/logo\/image\/"}}]}},"_links":{"self":[{"href":"https:\/\/sterilia.ca\/fr\/wp-json\/wp\/v2\/pages\/16","targetHints":{"allow":["GET"]}}],"collection":[{"href":"https:\/\/sterilia.ca\/fr\/wp-json\/wp\/v2\/pages"}],"about":[{"href":"https:\/\/sterilia.ca\/fr\/wp-json\/wp\/v2\/types\/page"}],"author":[{"embeddable":true,"href":"https:\/\/sterilia.ca\/fr\/wp-json\/wp\/v2\/users\/1"}],"replies":[{"embeddable":true,"href":"https:\/\/sterilia.ca\/fr\/wp-json\/wp\/v2\/comments?post=16"}],"version-history":[{"count":10,"href":"https:\/\/sterilia.ca\/fr\/wp-json\/wp\/v2\/pages\/16\/revisions"}],"predecessor-version":[{"id":630,"href":"https:\/\/sterilia.ca\/fr\/wp-json\/wp\/v2\/pages\/16\/revisions\/630"}],"wp:attachment":[{"href":"https:\/\/sterilia.ca\/fr\/wp-json\/wp\/v2\/media?parent=16"}],"curies":[{"name":"wp","href":"https:\/\/api.w.org\/{rel}","templated":true}]}}