{"id":502,"date":"2025-10-09T16:08:45","date_gmt":"2025-10-09T20:08:45","guid":{"rendered":"https:\/\/sterilia.comunika.com\/contact\/"},"modified":"2026-02-18T10:57:50","modified_gmt":"2026-02-18T15:57:50","slug":"contact","status":"publish","type":"page","link":"https:\/\/sterilia.ca\/en\/contact\/","title":{"rendered":"Contact"},"content":{"rendered":"\n<h2>\n\t\t\tContact our team\t<\/h2>\n<h2>\n\t\t\tContact form\t<\/h2>\n\t<p>*Required fields<\/p>\n\t\n<div class=\"wpcf7 no-js\" id=\"wpcf7-f520-o1\" lang=\"en-CA\" dir=\"ltr\" data-wpcf7-id=\"520\">\n<div class=\"screen-reader-response\"><p role=\"status\" aria-live=\"polite\" aria-atomic=\"true\"><\/p> <ul><\/ul><\/div>\n<form action=\"\/en\/wp-json\/wp\/v2\/pages\/502#wpcf7-f520-o1\" method=\"post\" class=\"wpcf7-form init\" aria-label=\"Contact form\" novalidate=\"novalidate\" data-status=\"init\">\n<fieldset class=\"hidden-fields-container\"><input type=\"hidden\" name=\"_wpcf7\" value=\"520\" \/><input type=\"hidden\" name=\"_wpcf7_version\" value=\"6.1.2\" \/><input type=\"hidden\" name=\"_wpcf7_locale\" value=\"en_CA\" \/><input type=\"hidden\" name=\"_wpcf7_unit_tag\" value=\"wpcf7-f520-o1\" \/><input type=\"hidden\" name=\"_wpcf7_container_post\" value=\"0\" \/><input type=\"hidden\" name=\"_wpcf7_posted_data_hash\" value=\"\" \/>\n<\/fieldset>\n<div class=\"contact-form\">\n\t<div class=\"d-flex\">\n\t\t<div>\n\t\t\t<p><label> Full name*<br \/>\n<span class=\"wpcf7-form-control-wrap\" data-name=\"your-name\"><input size=\"40\" maxlength=\"400\" class=\"wpcf7-form-control wpcf7-text wpcf7-validates-as-required\" autocomplete=\"name\" aria-required=\"true\" aria-invalid=\"false\" value=\"\" type=\"text\" name=\"your-name\" \/><\/span><br \/>\n<\/label>\n\t\t\t<\/p>\n\t\t<\/div>\n\t\t<div>\n\t\t\t<p><label> Email*<br \/>\n<span class=\"wpcf7-form-control-wrap\" data-name=\"your-email\"><input size=\"40\" maxlength=\"400\" class=\"wpcf7-form-control wpcf7-email wpcf7-validates-as-required wpcf7-text wpcf7-validates-as-email\" autocomplete=\"email\" aria-required=\"true\" aria-invalid=\"false\" value=\"\" type=\"email\" name=\"your-email\" \/><\/span><br \/>\n<\/label>\n\t\t\t<\/p>\n\t\t<\/div>\n\t<\/div>\n\t<div class=\"d-flex\">\n\t\t<div>\n\t\t\t<p><label> Phone*<br \/>\n<span class=\"wpcf7-form-control-wrap\" data-name=\"phone\"><input class=\"wpcf7-form-control wpcf7-number wpcf7-validates-as-required wpcf7-validates-as-number\" autocomplete=\"name\" aria-required=\"true\" aria-invalid=\"false\" placeholder=\"\" value=\"\" type=\"number\" name=\"phone\" \/><\/span><br \/>\n<\/label>\n\t\t\t<\/p>\n\t\t<\/div>\n\t\t<div>\n\t\t\t<p><label> Name of institution (optional)<br \/>\n<span class=\"wpcf7-form-control-wrap\" data-name=\"your-establishment\"><input size=\"40\" maxlength=\"400\" class=\"wpcf7-form-control wpcf7-text wpcf7-validates-as-required\" aria-required=\"true\" aria-invalid=\"false\" value=\"\" type=\"text\" name=\"your-establishment\" \/><\/span><br \/>\n<\/label>\n\t\t\t<\/p>\n\t\t<\/div>\n\t<\/div>\n\t<p><label> Message*<br \/>\n<span class=\"wpcf7-form-control-wrap\" data-name=\"your-message\"><textarea cols=\"40\" rows=\"10\" maxlength=\"2000\" class=\"wpcf7-form-control wpcf7-textarea wpcf7-validates-as-required\" aria-required=\"true\" aria-invalid=\"false\" name=\"your-message\"><\/textarea><\/span><br \/>\n<input class=\"wpcf7-form-control wpcf7-submit has-spinner\" type=\"submit\" value=\"Submit my request\" \/><br \/>\n<\/label>\n\t<\/p>\n<\/div><div class=\"wpcf7-response-output\" aria-hidden=\"true\"><\/div>\n<\/form>\n<\/div>\n\n<h3>\n\t\t\tOpening hours\t<\/h3>\n\t<strong>Ville Saint-Laurent and Saint-J\u00e9r\u00f4me<\/strong><br \/>\nMonday to Friday: 9 a.m.-5 p.m.\n\t<strong>Hochelaga<\/strong><br \/>\nMonday to Friday: 9 a.m.-5 p.m.\n\t<strong>Saturday and Sunday<\/strong><br \/>\nOpen from 9 a.m to 5 p.m\n<h3>\n\t\t\tThree locations to better serve you\t<\/h3>\n\t<strong>Saint-Laurent<\/strong><br \/>\n4929 place Olivia, Ville Saint-Laurent (Quebec)<br \/>\nTel : 514 335-3500<br \/>\nFax : 514 335-3400<br \/>\nEmail : stl@sterilia.ca\n\t<strong>Saint-J\u00e9r\u00f4me<\/strong><br \/>\n100-305 rue du Docteur-Charles-L\u00e9onard, Saint-J\u00e9r\u00f4me (Quebec)<br \/>\nTel : 450 553-2378<br \/>\nFax : 450 553-5378<br \/>\nEmail : stj@sterilia.ca\n\t<strong>Hochelaga<\/strong><br \/>\n9080 rue Hochelaga, Montreal (Quebec)<br \/>\nTel : 514 353-8745<br \/>\nFax : 514 353-8746<br \/>\nEmail : hochelaga@sterilia.ca\n\n","protected":false},"excerpt":{"rendered":"<p>Contact our team Contact form *Required fields Opening hours Ville Saint-Laurent and Saint-J\u00e9r\u00f4me Monday to Friday: 9 a.m.-5 p.m. Hochelaga Monday to Friday: 9 a.m.-5 p.m. Saturday and Sunday Open from 9 a.m to 5 p.m Three locations to better serve you Saint-Laurent 4929 place Olivia, Ville Saint-Laurent (Quebec) Tel : 514 335-3500 Fax : [&hellip;]<\/p>\n","protected":false},"author":1,"featured_media":0,"parent":0,"menu_order":0,"comment_status":"closed","ping_status":"closed","template":"","meta":{"inline_featured_image":false,"site-sidebar-layout":"no-sidebar","site-content-layout":"page-builder","ast-site-content-layout":"full-width-container","site-content-style":"default","site-sidebar-style":"default","ast-global-header-display":"","ast-banner-title-visibility":"","ast-main-header-display":"","ast-hfb-above-header-display":"","ast-hfb-below-header-display":"","ast-hfb-mobile-header-display":"","site-post-title":"disabled","ast-breadcrumbs-content":"","ast-featured-img":"disabled","footer-sml-layout":"","theme-transparent-header-meta":"default","adv-header-id-meta":"","stick-header-meta":"","header-above-stick-meta":"","header-main-stick-meta":"","header-below-stick-meta":"","astra-migrate-meta-layouts":"set","ast-page-background-enabled":"default","ast-page-background-meta":{"desktop":{"background-color":"var(--ast-global-color-4)","background-image":"","background-repeat":"repeat","background-position":"center center","background-size":"auto","background-attachment":"scroll","background-type":"","background-media":"","overlay-type":"","overlay-color":"","overlay-opacity":"","overlay-gradient":""},"tablet":{"background-color":"","background-image":"","background-repeat":"repeat","background-position":"center center","background-size":"auto","background-attachment":"scroll","background-type":"","background-media":"","overlay-type":"","overlay-color":"","overlay-opacity":"","overlay-gradient":""},"mobile":{"background-color":"","background-image":"","background-repeat":"repeat","background-position":"center center","background-size":"auto","background-attachment":"scroll","background-type":"","background-media":"","overlay-type":"","overlay-color":"","overlay-opacity":"","overlay-gradient":""}},"ast-content-background-meta":{"desktop":{"background-color":"var(--ast-global-color-5)","background-image":"","background-repeat":"repeat","background-position":"center center","background-size":"auto","background-attachment":"scroll","background-type":"","background-media":"","overlay-type":"","overlay-color":"","overlay-opacity":"","overlay-gradient":""},"tablet":{"background-color":"var(--ast-global-color-5)","background-image":"","background-repeat":"repeat","background-position":"center center","background-size":"auto","background-attachment":"scroll","background-type":"","background-media":"","overlay-type":"","overlay-color":"","overlay-opacity":"","overlay-gradient":""},"mobile":{"background-color":"var(--ast-global-color-5)","background-image":"","background-repeat":"repeat","background-position":"center center","background-size":"auto","background-attachment":"scroll","background-type":"","background-media":"","overlay-type":"","overlay-color":"","overlay-opacity":"","overlay-gradient":""}},"footnotes":""},"class_list":["post-502","page","type-page","status-publish","hentry"],"yoast_head":"<!-- This site is optimized with the Yoast SEO plugin v26.5 - https:\/\/yoast.com\/wordpress\/plugins\/seo\/ -->\n<title>Contact Sterilia | Support for Your Preparations<\/title>\n<meta name=\"description\" content=\"Contact one of our three branches in Quebec.\" \/>\n<meta name=\"robots\" content=\"index, follow, max-snippet:-1, max-image-preview:large, max-video-preview:-1\" \/>\n<link rel=\"canonical\" href=\"https:\/\/sterilia.ca\/en\/contact\/\" \/>\n<meta property=\"og:locale\" content=\"en_US\" \/>\n<meta property=\"og:type\" content=\"article\" \/>\n<meta property=\"og:title\" content=\"Contact Sterilia | Support for Your Preparations\" \/>\n<meta property=\"og:description\" content=\"Contact one of our three branches in Quebec.\" \/>\n<meta property=\"og:url\" content=\"https:\/\/sterilia.ca\/en\/contact\/\" \/>\n<meta property=\"og:site_name\" content=\"sterilia\" \/>\n<meta property=\"article:modified_time\" content=\"2026-02-18T15:57:50+00:00\" \/>\n<meta name=\"twitter:card\" content=\"summary_large_image\" \/>\n<meta name=\"twitter:label1\" content=\"Est. reading time\" \/>\n\t<meta name=\"twitter:data1\" content=\"1 minute\" \/>\n<script type=\"application\/ld+json\" class=\"yoast-schema-graph\">{\"@context\":\"https:\/\/schema.org\",\"@graph\":[{\"@type\":\"WebPage\",\"@id\":\"https:\/\/sterilia.ca\/en\/contact\/\",\"url\":\"https:\/\/sterilia.ca\/en\/contact\/\",\"name\":\"Contact Sterilia | Support for Your Preparations\",\"isPartOf\":{\"@id\":\"https:\/\/sterilia.ca\/fr\/#website\"},\"datePublished\":\"2025-10-09T20:08:45+00:00\",\"dateModified\":\"2026-02-18T15:57:50+00:00\",\"description\":\"Contact one of our three branches in Quebec.\",\"breadcrumb\":{\"@id\":\"https:\/\/sterilia.ca\/en\/contact\/#breadcrumb\"},\"inLanguage\":\"en-US\",\"potentialAction\":[{\"@type\":\"ReadAction\",\"target\":[\"https:\/\/sterilia.ca\/en\/contact\/\"]}]},{\"@type\":\"BreadcrumbList\",\"@id\":\"https:\/\/sterilia.ca\/en\/contact\/#breadcrumb\",\"itemListElement\":[{\"@type\":\"ListItem\",\"position\":1,\"name\":\"Accueil\",\"item\":\"https:\/\/sterilia.ca\/en\/\"},{\"@type\":\"ListItem\",\"position\":2,\"name\":\"Contact\"}]},{\"@type\":\"WebSite\",\"@id\":\"https:\/\/sterilia.ca\/fr\/#website\",\"url\":\"https:\/\/sterilia.ca\/fr\/\",\"name\":\"sterilia\",\"description\":\"\",\"publisher\":{\"@id\":\"https:\/\/sterilia.ca\/fr\/#organization\"},\"potentialAction\":[{\"@type\":\"SearchAction\",\"target\":{\"@type\":\"EntryPoint\",\"urlTemplate\":\"https:\/\/sterilia.ca\/fr\/?s={search_term_string}\"},\"query-input\":{\"@type\":\"PropertyValueSpecification\",\"valueRequired\":true,\"valueName\":\"search_term_string\"}}],\"inLanguage\":\"en-US\"},{\"@type\":\"Organization\",\"@id\":\"https:\/\/sterilia.ca\/fr\/#organization\",\"name\":\"sterilia\",\"url\":\"https:\/\/sterilia.ca\/fr\/\",\"logo\":{\"@type\":\"ImageObject\",\"inLanguage\":\"en-US\",\"@id\":\"https:\/\/sterilia.ca\/fr\/#\/schema\/logo\/image\/\",\"url\":\"https:\/\/sterilia.ca\/wp-content\/uploads\/2025\/12\/cropped-favicon-2025-1-1.png\",\"contentUrl\":\"https:\/\/sterilia.ca\/wp-content\/uploads\/2025\/12\/cropped-favicon-2025-1-1.png\",\"width\":512,\"height\":512,\"caption\":\"sterilia\"},\"image\":{\"@id\":\"https:\/\/sterilia.ca\/fr\/#\/schema\/logo\/image\/\"}}]}<\/script>\n<!-- \/ Yoast SEO plugin. -->","yoast_head_json":{"title":"Contact Sterilia | Support for Your Preparations","description":"Contact one of our three branches in Quebec.","robots":{"index":"index","follow":"follow","max-snippet":"max-snippet:-1","max-image-preview":"max-image-preview:large","max-video-preview":"max-video-preview:-1"},"canonical":"https:\/\/sterilia.ca\/en\/contact\/","og_locale":"en_US","og_type":"article","og_title":"Contact Sterilia | Support for Your Preparations","og_description":"Contact one of our three branches in Quebec.","og_url":"https:\/\/sterilia.ca\/en\/contact\/","og_site_name":"sterilia","article_modified_time":"2026-02-18T15:57:50+00:00","twitter_card":"summary_large_image","twitter_misc":{"Est. reading time":"1 minute"},"schema":{"@context":"https:\/\/schema.org","@graph":[{"@type":"WebPage","@id":"https:\/\/sterilia.ca\/en\/contact\/","url":"https:\/\/sterilia.ca\/en\/contact\/","name":"Contact Sterilia | Support for Your Preparations","isPartOf":{"@id":"https:\/\/sterilia.ca\/fr\/#website"},"datePublished":"2025-10-09T20:08:45+00:00","dateModified":"2026-02-18T15:57:50+00:00","description":"Contact one of our three branches in Quebec.","breadcrumb":{"@id":"https:\/\/sterilia.ca\/en\/contact\/#breadcrumb"},"inLanguage":"en-US","potentialAction":[{"@type":"ReadAction","target":["https:\/\/sterilia.ca\/en\/contact\/"]}]},{"@type":"BreadcrumbList","@id":"https:\/\/sterilia.ca\/en\/contact\/#breadcrumb","itemListElement":[{"@type":"ListItem","position":1,"name":"Accueil","item":"https:\/\/sterilia.ca\/en\/"},{"@type":"ListItem","position":2,"name":"Contact"}]},{"@type":"WebSite","@id":"https:\/\/sterilia.ca\/fr\/#website","url":"https:\/\/sterilia.ca\/fr\/","name":"sterilia","description":"","publisher":{"@id":"https:\/\/sterilia.ca\/fr\/#organization"},"potentialAction":[{"@type":"SearchAction","target":{"@type":"EntryPoint","urlTemplate":"https:\/\/sterilia.ca\/fr\/?s={search_term_string}"},"query-input":{"@type":"PropertyValueSpecification","valueRequired":true,"valueName":"search_term_string"}}],"inLanguage":"en-US"},{"@type":"Organization","@id":"https:\/\/sterilia.ca\/fr\/#organization","name":"sterilia","url":"https:\/\/sterilia.ca\/fr\/","logo":{"@type":"ImageObject","inLanguage":"en-US","@id":"https:\/\/sterilia.ca\/fr\/#\/schema\/logo\/image\/","url":"https:\/\/sterilia.ca\/wp-content\/uploads\/2025\/12\/cropped-favicon-2025-1-1.png","contentUrl":"https:\/\/sterilia.ca\/wp-content\/uploads\/2025\/12\/cropped-favicon-2025-1-1.png","width":512,"height":512,"caption":"sterilia"},"image":{"@id":"https:\/\/sterilia.ca\/fr\/#\/schema\/logo\/image\/"}}]}},"_links":{"self":[{"href":"https:\/\/sterilia.ca\/en\/wp-json\/wp\/v2\/pages\/502","targetHints":{"allow":["GET"]}}],"collection":[{"href":"https:\/\/sterilia.ca\/en\/wp-json\/wp\/v2\/pages"}],"about":[{"href":"https:\/\/sterilia.ca\/en\/wp-json\/wp\/v2\/types\/page"}],"author":[{"embeddable":true,"href":"https:\/\/sterilia.ca\/en\/wp-json\/wp\/v2\/users\/1"}],"replies":[{"embeddable":true,"href":"https:\/\/sterilia.ca\/en\/wp-json\/wp\/v2\/comments?post=502"}],"version-history":[{"count":3,"href":"https:\/\/sterilia.ca\/en\/wp-json\/wp\/v2\/pages\/502\/revisions"}],"predecessor-version":[{"id":632,"href":"https:\/\/sterilia.ca\/en\/wp-json\/wp\/v2\/pages\/502\/revisions\/632"}],"wp:attachment":[{"href":"https:\/\/sterilia.ca\/en\/wp-json\/wp\/v2\/media?parent=502"}],"curies":[{"name":"wp","href":"https:\/\/api.w.org\/{rel}","templated":true}]}}